{"id":14166,"date":"2025-10-09T09:49:40","date_gmt":"2025-10-09T09:49:40","guid":{"rendered":"http:\/\/hexexist.com\/product\/fotograf-galerisi-kaydiricilar-prova-ve-temalar-nextgen-gallery\/"},"modified":"2025-10-09T09:49:40","modified_gmt":"2025-10-09T09:49:40","slug":"fotograf-galerisi-kaydiricilar-prova-ve-temalar-nextgen-gallery","status":"publish","type":"product","link":"https:\/\/hexexist.com\/tr\/urun\/fotograf-galerisi-kaydiricilar-prova-ve-temalar-nextgen-gallery\/","title":{"rendered":"Foto\u011fraf Galerisi, Kayd\u0131r\u0131c\u0131lar, Prova ve Temalar NextGEN Gallery"},"content":{"rendered":"<p>NextGEN Gallery 2007&#8217;den beri sekt\u00f6r\u00fcn standart WordPress galeri eklentisidir ve y\u0131lda 1,5 milyondan fazla yeni indirme almaya devam etmektedir. Basit foto\u011fraf galerileri i\u00e7in kullan\u0131m\u0131 kolayd\u0131r, ancak kapsaml\u0131 bir foto\u011fraf galerisi \u00e7\u00f6z\u00fcm\u00fcne ihtiya\u00e7 duyan en zorlu foto\u011fraf\u00e7\u0131lar, g\u00f6rsel sanat\u00e7\u0131lar ve g\u00f6r\u00fcnt\u00fcleme profesyonelleri i\u00e7in yeterince g\u00fc\u00e7l\u00fcd\u00fcr. <\/p>\n","protected":false},"excerpt":{"rendered":"<p>NextGEN Gallery 2007&#8217;den beri sekt\u00f6r\u00fcn standart WordPress galeri eklentisidir ve y\u0131lda 1,5 milyondan fazla yeni indirme almaya devam etmektedir. Basit foto\u011fraf galerileri i\u00e7in kullan\u0131m\u0131 kolayd\u0131r, ancak kapsaml\u0131 bir foto\u011fraf galerisi \u00e7\u00f6z\u00fcm\u00fcne ihtiya\u00e7 duyan en zorlu foto\u011fraf\u00e7\u0131lar, g\u00f6rsel sanat\u00e7\u0131lar ve g\u00f6r\u00fcnt\u00fcleme profesyonelleri i\u00e7in yeterince g\u00fc\u00e7l\u00fcd\u00fcr.<\/p>\n","protected":false},"featured_media":12978,"comment_status":"open","ping_status":"closed","template":"","meta":[],"product_brand":[],"product_cat":[1413],"product_tag":[2069,1703,2067,2029,2071],"class_list":{"0":"post-14166","1":"product","2":"type-product","3":"status-publish","4":"has-post-thumbnail","6":"product_cat-eklentiler","7":"product_tag-fotograf-galerisi","8":"product_tag-galeri","9":"product_tag-resim-galerisi","10":"product_tag-slayt-gosterisi","11":"product_tag-wordpress-galeri-eklentisi","13":"first","14":"instock","15":"downloadable","16":"virtual","17":"product-type-simple"},"_links":{"self":[{"href":"https:\/\/hexexist.com\/tr\/wp-json\/wp\/v2\/product\/14166","targetHints":{"allow":["GET"]}}],"collection":[{"href":"https:\/\/hexexist.com\/tr\/wp-json\/wp\/v2\/product"}],"about":[{"href":"https:\/\/hexexist.com\/tr\/wp-json\/wp\/v2\/types\/product"}],"replies":[{"embeddable":true,"href":"https:\/\/hexexist.com\/tr\/wp-json\/wp\/v2\/comments?post=14166"}],"wp:featuredmedia":[{"embeddable":true,"href":"https:\/\/hexexist.com\/tr\/wp-json\/wp\/v2\/media\/12978"}],"wp:attachment":[{"href":"https:\/\/hexexist.com\/tr\/wp-json\/wp\/v2\/media?parent=14166"}],"wp:term":[{"taxonomy":"product_brand","embeddable":true,"href":"https:\/\/hexexist.com\/tr\/wp-json\/wp\/v2\/product_brand?post=14166"},{"taxonomy":"product_cat","embeddable":true,"href":"https:\/\/hexexist.com\/tr\/wp-json\/wp\/v2\/product_cat?post=14166"},{"taxonomy":"product_tag","embeddable":true,"href":"https:\/\/hexexist.com\/tr\/wp-json\/wp\/v2\/product_tag?post=14166"}],"curies":[{"name":"wp","href":"https:\/\/api.w.org\/{rel}","templated":true}]}}