{"id":14167,"date":"2025-10-09T09:49:39","date_gmt":"2025-10-09T09:49:39","guid":{"rendered":"http:\/\/hexexist.com\/product\/sezgisel-ozel-gonderi-sirasi\/"},"modified":"2025-10-09T09:49:39","modified_gmt":"2025-10-09T09:49:39","slug":"sezgisel-ozel-gonderi-sirasi","status":"publish","type":"product","link":"https:\/\/hexexist.com\/tr\/urun\/sezgisel-ozel-gonderi-sirasi\/","title":{"rendered":"Sezgisel \u00d6zel G\u00f6nderi S\u0131ras\u0131"},"content":{"rendered":"<p>Basit bir s\u00fcr\u00fckle ve b\u0131rak aray\u00fcz\u00fc ile Yaz\u0131lar\u0131, Sayfalar\u0131, \u00d6zel Yaz\u0131 T\u00fcrlerini, Taksonomileri ve Siteleri sezgisel olarak yeniden s\u0131ralay\u0131n.<\/p>\n","protected":false},"excerpt":{"rendered":"<p>Basit bir s\u00fcr\u00fckle ve b\u0131rak aray\u00fcz\u00fc ile Yaz\u0131lar\u0131, Sayfalar\u0131, \u00d6zel Yaz\u0131 T\u00fcrlerini, Taksonomileri ve Siteleri sezgisel olarak yeniden s\u0131ralay\u0131n.<\/p>\n","protected":false},"featured_media":12976,"comment_status":"open","ping_status":"closed","template":"","meta":[],"product_brand":[],"product_cat":[1413],"product_tag":[2561,2562,2563,2560],"class_list":{"0":"post-14167","1":"product","2":"type-product","3":"status-publish","4":"has-post-thumbnail","6":"product_cat-eklentiler","7":"product_tag-gonderi-sirasi","8":"product_tag-ozel-gonderi-turu-sirasi","9":"product_tag-siparis-gonderileri","10":"product_tag-siparis-sonrasi","12":"first","13":"instock","14":"downloadable","15":"virtual","16":"product-type-simple"},"_links":{"self":[{"href":"https:\/\/hexexist.com\/tr\/wp-json\/wp\/v2\/product\/14167","targetHints":{"allow":["GET"]}}],"collection":[{"href":"https:\/\/hexexist.com\/tr\/wp-json\/wp\/v2\/product"}],"about":[{"href":"https:\/\/hexexist.com\/tr\/wp-json\/wp\/v2\/types\/product"}],"replies":[{"embeddable":true,"href":"https:\/\/hexexist.com\/tr\/wp-json\/wp\/v2\/comments?post=14167"}],"wp:featuredmedia":[{"embeddable":true,"href":"https:\/\/hexexist.com\/tr\/wp-json\/wp\/v2\/media\/12976"}],"wp:attachment":[{"href":"https:\/\/hexexist.com\/tr\/wp-json\/wp\/v2\/media?parent=14167"}],"wp:term":[{"taxonomy":"product_brand","embeddable":true,"href":"https:\/\/hexexist.com\/tr\/wp-json\/wp\/v2\/product_brand?post=14167"},{"taxonomy":"product_cat","embeddable":true,"href":"https:\/\/hexexist.com\/tr\/wp-json\/wp\/v2\/product_cat?post=14167"},{"taxonomy":"product_tag","embeddable":true,"href":"https:\/\/hexexist.com\/tr\/wp-json\/wp\/v2\/product_tag?post=14167"}],"curies":[{"name":"wp","href":"https:\/\/api.w.org\/{rel}","templated":true}]}}