{"id":14168,"date":"2025-10-09T09:49:40","date_gmt":"2025-10-09T09:49:40","guid":{"rendered":"http:\/\/hexexist.com\/product\/max-mega-menu\/"},"modified":"2025-10-09T09:49:40","modified_gmt":"2025-10-09T09:49:40","slug":"max-mega-menu","status":"publish","type":"product","link":"https:\/\/hexexist.com\/tr\/urun\/max-mega-menu\/","title":{"rendered":"Max Mega Men\u00fc"},"content":{"rendered":"<p>Max Mega Menu mevcut men\u00fcn\u00fcz\u00fc otomatik olarak bir mega men\u00fcye d\u00f6n\u00fc\u015ft\u00fcrecektir. Daha sonra men\u00fcn\u00fcze herhangi bir WordPress widget&#8217;\u0131 ekleyebilir, tema d\u00fczenleyicisini kullanarak men\u00fcn\u00fcz\u00fc yeniden \u015fekillendirebilir ve yerle\u015fik ayarlar\u0131 kullanarak men\u00fc davran\u0131\u015f\u0131n\u0131 de\u011fi\u015ftirebilirsiniz. Max Mega Menu, mevcut men\u00fcn\u00fcz\u00fcn kontrol\u00fcn\u00fc ele almak ve onu sadece birka\u00e7 t\u0131klamayla kullan\u0131c\u0131 dostu, eri\u015filebilir ve dokunmaya haz\u0131r bir men\u00fcye d\u00f6n\u00fc\u015ft\u00fcrmek i\u00e7in m\u00fckemmel olan eksiksiz bir men\u00fc y\u00f6netimi eklentisidir.  <\/p>\n","protected":false},"excerpt":{"rendered":"<p>Max Mega Menu mevcut men\u00fcn\u00fcz\u00fc otomatik olarak bir mega men\u00fcye d\u00f6n\u00fc\u015ft\u00fcrecektir. Daha sonra men\u00fcn\u00fcze herhangi bir WordPress widget&#8217;\u0131 ekleyebilir, tema d\u00fczenleyicisini kullanarak men\u00fcn\u00fcz\u00fc yeniden \u015fekillendirebilir ve yerle\u015fik ayarlar\u0131 kullanarak men\u00fc davran\u0131\u015f\u0131n\u0131 de\u011fi\u015ftirebilirsiniz. Max Mega Menu, mevcut men\u00fcn\u00fcz\u00fcn kontrol\u00fcn\u00fc ele almak ve onu sadece birka\u00e7 t\u0131klamayla kullan\u0131c\u0131 dostu, eri\u015filebilir ve dokunmaya haz\u0131r bir men\u00fcye d\u00f6n\u00fc\u015ft\u00fcrmek i\u00e7in [&hellip;]<\/p>\n","protected":false},"featured_media":12977,"comment_status":"open","ping_status":"closed","template":"","meta":[],"product_brand":[],"product_cat":[1413],"product_tag":[1718,1533,1686,1714,1530],"class_list":{"0":"post-14168","1":"product","2":"type-product","3":"status-publish","4":"has-post-thumbnail","6":"product_cat-eklentiler","7":"product_tag-duyarli-menu","8":"product_tag-mega-menu-tr","9":"product_tag-menu-tr","10":"product_tag-mobil-menu","11":"product_tag-navigasyon","13":"first","14":"instock","15":"downloadable","16":"virtual","17":"product-type-simple"},"_links":{"self":[{"href":"https:\/\/hexexist.com\/tr\/wp-json\/wp\/v2\/product\/14168","targetHints":{"allow":["GET"]}}],"collection":[{"href":"https:\/\/hexexist.com\/tr\/wp-json\/wp\/v2\/product"}],"about":[{"href":"https:\/\/hexexist.com\/tr\/wp-json\/wp\/v2\/types\/product"}],"replies":[{"embeddable":true,"href":"https:\/\/hexexist.com\/tr\/wp-json\/wp\/v2\/comments?post=14168"}],"wp:featuredmedia":[{"embeddable":true,"href":"https:\/\/hexexist.com\/tr\/wp-json\/wp\/v2\/media\/12977"}],"wp:attachment":[{"href":"https:\/\/hexexist.com\/tr\/wp-json\/wp\/v2\/media?parent=14168"}],"wp:term":[{"taxonomy":"product_brand","embeddable":true,"href":"https:\/\/hexexist.com\/tr\/wp-json\/wp\/v2\/product_brand?post=14168"},{"taxonomy":"product_cat","embeddable":true,"href":"https:\/\/hexexist.com\/tr\/wp-json\/wp\/v2\/product_cat?post=14168"},{"taxonomy":"product_tag","embeddable":true,"href":"https:\/\/hexexist.com\/tr\/wp-json\/wp\/v2\/product_tag?post=14168"}],"curies":[{"name":"wp","href":"https:\/\/api.w.org\/{rel}","templated":true}]}}