{"id":14169,"date":"2025-10-09T09:49:39","date_gmt":"2025-10-09T09:49:39","guid":{"rendered":"http:\/\/hexexist.com\/product\/elementor-icin-happy-eklentileri\/"},"modified":"2025-10-09T09:49:39","modified_gmt":"2025-10-09T09:49:39","slug":"elementor-icin-happy-eklentileri","status":"publish","type":"product","link":"https:\/\/hexexist.com\/tr\/urun\/elementor-icin-happy-eklentileri\/","title":{"rendered":"Elementor i\u00e7in Happy Eklentileri"},"content":{"rendered":"<p>Elementor i\u00e7in Mutlu Eklentiler, Elementor&#8217;u geli\u015ftirmek i\u00e7in 143+ \u00dccretsiz ve Pro Widget ve 24+ \u00d6zellik ile \u00fccretsiz \u00dcstbilgi Altbilgisi, Tek Yaz\u0131 \u015eablonu ve Ar\u015fiv Sayfas\u0131 Olu\u015fturucuyu kapsayan Tema Olu\u015fturucu ile birlikte gelen en iyi Elementor Eklentilerinden biridir. 70+ tam sayfa Elementor \u015eablonu ve 500+ \u015eablon Blo\u011fu edinin. <\/p>\n","protected":false},"excerpt":{"rendered":"<p>Elementor i\u00e7in Mutlu Eklentiler, Elementor&#8217;u geli\u015ftirmek i\u00e7in 143+ \u00dccretsiz ve Pro Widget ve 24+ \u00d6zellik ile \u00fccretsiz \u00dcstbilgi Altbilgisi, Tek Yaz\u0131 \u015eablonu ve Ar\u015fiv Sayfas\u0131 Olu\u015fturucuyu kapsayan Tema Olu\u015fturucu ile birlikte gelen en iyi Elementor Eklentilerinden biridir. 70+ tam sayfa Elementor \u015eablonu ve 500+ \u015eablon Blo\u011fu edinin.<\/p>\n","protected":false},"featured_media":12975,"comment_status":"open","ping_status":"closed","template":"","meta":[],"product_brand":[],"product_cat":[1413],"product_tag":[1532,1537,1975,1533,2564],"class_list":{"0":"post-14169","1":"product","2":"type-product","3":"status-publish","4":"has-post-thumbnail","6":"product_cat-eklentiler","7":"product_tag-elementor-tr","8":"product_tag-elementor-eklentileri","9":"product_tag-elementor-widgeti","10":"product_tag-mega-menu-tr","11":"product_tag-ustbilgi-altbilgi-olusturucu","13":"first","14":"instock","15":"downloadable","16":"virtual","17":"product-type-simple"},"_links":{"self":[{"href":"https:\/\/hexexist.com\/tr\/wp-json\/wp\/v2\/product\/14169","targetHints":{"allow":["GET"]}}],"collection":[{"href":"https:\/\/hexexist.com\/tr\/wp-json\/wp\/v2\/product"}],"about":[{"href":"https:\/\/hexexist.com\/tr\/wp-json\/wp\/v2\/types\/product"}],"replies":[{"embeddable":true,"href":"https:\/\/hexexist.com\/tr\/wp-json\/wp\/v2\/comments?post=14169"}],"wp:featuredmedia":[{"embeddable":true,"href":"https:\/\/hexexist.com\/tr\/wp-json\/wp\/v2\/media\/12975"}],"wp:attachment":[{"href":"https:\/\/hexexist.com\/tr\/wp-json\/wp\/v2\/media?parent=14169"}],"wp:term":[{"taxonomy":"product_brand","embeddable":true,"href":"https:\/\/hexexist.com\/tr\/wp-json\/wp\/v2\/product_brand?post=14169"},{"taxonomy":"product_cat","embeddable":true,"href":"https:\/\/hexexist.com\/tr\/wp-json\/wp\/v2\/product_cat?post=14169"},{"taxonomy":"product_tag","embeddable":true,"href":"https:\/\/hexexist.com\/tr\/wp-json\/wp\/v2\/product_tag?post=14169"}],"curies":[{"name":"wp","href":"https:\/\/api.w.org\/{rel}","templated":true}]}}