{"id":14170,"date":"2025-10-09T09:49:41","date_gmt":"2025-10-09T09:49:41","guid":{"rendered":"http:\/\/hexexist.com\/product\/ad-inserter-reklam-yoneticisi-ve-adsense-reklamlari\/"},"modified":"2025-10-09T09:49:41","modified_gmt":"2025-10-09T09:49:41","slug":"ad-inserter-reklam-yoneticisi-ve-adsense-reklamlari","status":"publish","type":"product","link":"https:\/\/hexexist.com\/tr\/urun\/ad-inserter-reklam-yoneticisi-ve-adsense-reklamlari\/","title":{"rendered":"Ad Inserter Reklam Y\u00f6neticisi ve AdSense Reklamlar\u0131"},"content":{"rendered":"<p>Reklam kodlar\u0131n\u0131 en uygun konumlara eklemek i\u00e7in bir\u00e7ok geli\u015fmi\u015f reklam \u00f6zelli\u011fine sahip reklam y\u00f6netimi eklentisi.<\/p>\n","protected":false},"excerpt":{"rendered":"<p>Reklam kodlar\u0131n\u0131 en uygun konumlara eklemek i\u00e7in bir\u00e7ok geli\u015fmi\u015f reklam \u00f6zelli\u011fine sahip reklam y\u00f6netimi eklentisi.<\/p>\n","protected":false},"featured_media":12986,"comment_status":"open","ping_status":"closed","template":"","meta":[],"product_brand":[],"product_cat":[1413],"product_tag":[2239,1503,2161,2565,1958],"class_list":{"0":"post-14170","1":"product","2":"type-product","3":"status-publish","4":"has-post-thumbnail","6":"product_cat-eklentiler","7":"product_tag-adsense-tr","8":"product_tag-amp-tr","9":"product_tag-reklam-muduru","10":"product_tag-reklam-rotasyonu","11":"product_tag-reklamlar","13":"first","14":"instock","15":"downloadable","16":"virtual","17":"product-type-simple"},"_links":{"self":[{"href":"https:\/\/hexexist.com\/tr\/wp-json\/wp\/v2\/product\/14170","targetHints":{"allow":["GET"]}}],"collection":[{"href":"https:\/\/hexexist.com\/tr\/wp-json\/wp\/v2\/product"}],"about":[{"href":"https:\/\/hexexist.com\/tr\/wp-json\/wp\/v2\/types\/product"}],"replies":[{"embeddable":true,"href":"https:\/\/hexexist.com\/tr\/wp-json\/wp\/v2\/comments?post=14170"}],"wp:featuredmedia":[{"embeddable":true,"href":"https:\/\/hexexist.com\/tr\/wp-json\/wp\/v2\/media\/12986"}],"wp:attachment":[{"href":"https:\/\/hexexist.com\/tr\/wp-json\/wp\/v2\/media?parent=14170"}],"wp:term":[{"taxonomy":"product_brand","embeddable":true,"href":"https:\/\/hexexist.com\/tr\/wp-json\/wp\/v2\/product_brand?post=14170"},{"taxonomy":"product_cat","embeddable":true,"href":"https:\/\/hexexist.com\/tr\/wp-json\/wp\/v2\/product_cat?post=14170"},{"taxonomy":"product_tag","embeddable":true,"href":"https:\/\/hexexist.com\/tr\/wp-json\/wp\/v2\/product_tag?post=14170"}],"curies":[{"name":"wp","href":"https:\/\/api.w.org\/{rel}","templated":true}]}}