{"id":14171,"date":"2025-10-09T09:49:39","date_gmt":"2025-10-09T09:49:39","guid":{"rendered":"http:\/\/hexexist.com\/product\/ozel-yazi-tipleri-yazi-tiplerinizi-yerel-olarak-barindirin\/"},"modified":"2025-10-09T09:49:39","modified_gmt":"2025-10-09T09:49:39","slug":"ozel-yazi-tipleri-yazi-tiplerinizi-yerel-olarak-barindirin","status":"publish","type":"product","link":"https:\/\/hexexist.com\/tr\/urun\/ozel-yazi-tipleri-yazi-tiplerinizi-yerel-olarak-barindirin\/","title":{"rendered":"\u00d6zel Yaz\u0131 Tipleri Yaz\u0131 Tiplerinizi Yerel Olarak Bar\u0131nd\u0131r\u0131n"},"content":{"rendered":"<p>YAZI TIPLERINI BARINDIRIN, WEB SITESI HIZINI ARTIRIN VE GIZLILIK ENDI\u015eELERINI ORTADAN KALDIRIN<\/p>\n","protected":false},"excerpt":{"rendered":"<p>YAZI TIPLERINI BARINDIRIN, WEB SITESI HIZINI ARTIRIN VE GIZLILIK ENDI\u015eELERINI ORTADAN KALDIRIN<\/p>\n","protected":false},"featured_media":12974,"comment_status":"open","ping_status":"closed","template":"","meta":[],"product_brand":[],"product_cat":[1413],"product_tag":[2229,2375,1469,2566,2272],"class_list":{"0":"post-14171","1":"product","2":"type-product","3":"status-publish","4":"has-post-thumbnail","6":"product_cat-eklentiler","7":"product_tag-google-yazi-tipleri","8":"product_tag-ozel-yazi-tipleri","9":"product_tag-performans","10":"product_tag-tam-site-duzenleme","11":"product_tag-yazi-tipleri","13":"first","14":"instock","15":"downloadable","16":"virtual","17":"product-type-simple"},"_links":{"self":[{"href":"https:\/\/hexexist.com\/tr\/wp-json\/wp\/v2\/product\/14171","targetHints":{"allow":["GET"]}}],"collection":[{"href":"https:\/\/hexexist.com\/tr\/wp-json\/wp\/v2\/product"}],"about":[{"href":"https:\/\/hexexist.com\/tr\/wp-json\/wp\/v2\/types\/product"}],"replies":[{"embeddable":true,"href":"https:\/\/hexexist.com\/tr\/wp-json\/wp\/v2\/comments?post=14171"}],"wp:featuredmedia":[{"embeddable":true,"href":"https:\/\/hexexist.com\/tr\/wp-json\/wp\/v2\/media\/12974"}],"wp:attachment":[{"href":"https:\/\/hexexist.com\/tr\/wp-json\/wp\/v2\/media?parent=14171"}],"wp:term":[{"taxonomy":"product_brand","embeddable":true,"href":"https:\/\/hexexist.com\/tr\/wp-json\/wp\/v2\/product_brand?post=14171"},{"taxonomy":"product_cat","embeddable":true,"href":"https:\/\/hexexist.com\/tr\/wp-json\/wp\/v2\/product_cat?post=14171"},{"taxonomy":"product_tag","embeddable":true,"href":"https:\/\/hexexist.com\/tr\/wp-json\/wp\/v2\/product_tag?post=14171"}],"curies":[{"name":"wp","href":"https:\/\/api.w.org\/{rel}","templated":true}]}}