{"id":14172,"date":"2025-10-09T09:49:41","date_gmt":"2025-10-09T09:49:41","guid":{"rendered":"http:\/\/hexexist.com\/product\/wp-sifirlama\/"},"modified":"2025-10-09T09:49:41","modified_gmt":"2025-10-09T09:49:41","slug":"wp-sifirlama","status":"publish","type":"product","link":"https:\/\/hexexist.com\/tr\/urun\/wp-sifirlama\/","title":{"rendered":"WP S\u0131f\u0131rlama"},"content":{"rendered":"<p>WP Reset, herhangi bir dosyay\u0131 de\u011fi\u015ftirmeden sitenin veritaban\u0131n\u0131 varsay\u0131lan kurulum de\u011ferlerine h\u0131zl\u0131 bir \u015fekilde s\u0131f\u0131rlar. T\u00fcm \u00f6zelle\u015ftirmeleri ve i\u00e7eri\u011fi ya da sadece tema ayarlar\u0131 gibi se\u00e7ilen k\u0131s\u0131mlar\u0131 siler. WordPress Reset, tek t\u0131klamayla geri y\u00fckleme i\u015flevi sa\u011flayan yerle\u015fik anl\u0131k g\u00f6r\u00fcnt\u00fcler sayesinde h\u0131zl\u0131 ve g\u00fcvenlidir. Birden fazla ar\u0131za emniyet mekanizmas\u0131na sahiptir, b\u00f6ylece asla yanl\u0131\u015fl\u0131kla veri kaybetmezsiniz. WP Reset, eklenti ve tema geli\u015ftiricileri i\u00e7in son derece faydal\u0131d\u0131r. Ayarlar\u0131 s\u0131f\u0131rlamak ve kodu yeniden test etmek i\u00e7in h\u0131zl\u0131 bir yol sa\u011flayarak test ve hata ay\u0131klamay\u0131 h\u0131zland\u0131r\u0131r. Geli\u015ftirici olmayanlar i\u00e7in geli\u015fmi\u015f s\u0131f\u0131rlama sa\u011flayan tek WP geli\u015ftirme arac\u0131d\u0131r.      <\/p>\n","protected":false},"excerpt":{"rendered":"<p>WP Reset, herhangi bir dosyay\u0131 de\u011fi\u015ftirmeden sitenin veritaban\u0131n\u0131 varsay\u0131lan kurulum de\u011ferlerine h\u0131zl\u0131 bir \u015fekilde s\u0131f\u0131rlar. T\u00fcm \u00f6zelle\u015ftirmeleri ve i\u00e7eri\u011fi ya da sadece tema ayarlar\u0131 gibi se\u00e7ilen k\u0131s\u0131mlar\u0131 siler. WordPress Reset, tek t\u0131klamayla geri y\u00fckleme i\u015flevi sa\u011flayan yerle\u015fik anl\u0131k g\u00f6r\u00fcnt\u00fcler sayesinde h\u0131zl\u0131 ve g\u00fcvenlidir. Birden fazla ar\u0131za emniyet mekanizmas\u0131na sahiptir, b\u00f6ylece asla yanl\u0131\u015fl\u0131kla veri kaybetmezsiniz. WP [&hellip;]<\/p>\n","protected":false},"featured_media":12985,"comment_status":"open","ping_status":"closed","template":"","meta":[],"product_brand":[],"product_cat":[1413],"product_tag":[2567,2568,2570,2569],"class_list":{"0":"post-14172","1":"product","2":"type-product","3":"status-publish","4":"has-post-thumbnail","6":"product_cat-eklentiler","7":"product_tag-sifirla","8":"product_tag-veritabanini-sifirla","9":"product_tag-wordpress-reset-tr","10":"product_tag-wordpressi-sifirla","12":"first","13":"instock","14":"downloadable","15":"virtual","16":"product-type-simple"},"_links":{"self":[{"href":"https:\/\/hexexist.com\/tr\/wp-json\/wp\/v2\/product\/14172","targetHints":{"allow":["GET"]}}],"collection":[{"href":"https:\/\/hexexist.com\/tr\/wp-json\/wp\/v2\/product"}],"about":[{"href":"https:\/\/hexexist.com\/tr\/wp-json\/wp\/v2\/types\/product"}],"replies":[{"embeddable":true,"href":"https:\/\/hexexist.com\/tr\/wp-json\/wp\/v2\/comments?post=14172"}],"wp:featuredmedia":[{"embeddable":true,"href":"https:\/\/hexexist.com\/tr\/wp-json\/wp\/v2\/media\/12985"}],"wp:attachment":[{"href":"https:\/\/hexexist.com\/tr\/wp-json\/wp\/v2\/media?parent=14172"}],"wp:term":[{"taxonomy":"product_brand","embeddable":true,"href":"https:\/\/hexexist.com\/tr\/wp-json\/wp\/v2\/product_brand?post=14172"},{"taxonomy":"product_cat","embeddable":true,"href":"https:\/\/hexexist.com\/tr\/wp-json\/wp\/v2\/product_cat?post=14172"},{"taxonomy":"product_tag","embeddable":true,"href":"https:\/\/hexexist.com\/tr\/wp-json\/wp\/v2\/product_tag?post=14172"}],"curies":[{"name":"wp","href":"https:\/\/api.w.org\/{rel}","templated":true}]}}