{"id":14173,"date":"2025-10-09T09:49:39","date_gmt":"2025-10-09T09:49:39","guid":{"rendered":"http:\/\/hexexist.com\/product\/creative-mail-daha-kolay-wordpress-woocommerce-e-posta-pazarlama\/"},"modified":"2025-10-09T09:49:39","modified_gmt":"2025-10-09T09:49:39","slug":"creative-mail-daha-kolay-wordpress-woocommerce-e-posta-pazarlama","status":"publish","type":"product","link":"https:\/\/hexexist.com\/tr\/urun\/creative-mail-daha-kolay-wordpress-woocommerce-e-posta-pazarlama\/","title":{"rendered":"Creative Mail Daha Kolay WordPress &amp; WooCommerce E-posta Pazarlama"},"content":{"rendered":"<p>Creative Mail, WordPress ve WooCommerce i\u00e7in \u00f6zel olarak tasarlanm\u0131\u015ft\u0131r.<\/p>\n","protected":false},"excerpt":{"rendered":"<p>Creative Mail, WordPress ve WooCommerce i\u00e7in \u00f6zel olarak tasarlanm\u0131\u015ft\u0131r.<\/p>\n","protected":false},"featured_media":12973,"comment_status":"open","ping_status":"closed","template":"","meta":[],"product_brand":[],"product_cat":[1413],"product_tag":[1433,1432,1605,1524,1645],"class_list":{"0":"post-14173","1":"product","2":"type-product","3":"status-publish","4":"has-post-thumbnail","6":"product_cat-eklentiler","7":"product_tag-abone-olun","8":"product_tag-bulten","9":"product_tag-e-posta","10":"product_tag-iletisim-formu","11":"product_tag-pazarlama","13":"first","14":"instock","15":"downloadable","16":"virtual","17":"product-type-simple"},"_links":{"self":[{"href":"https:\/\/hexexist.com\/tr\/wp-json\/wp\/v2\/product\/14173","targetHints":{"allow":["GET"]}}],"collection":[{"href":"https:\/\/hexexist.com\/tr\/wp-json\/wp\/v2\/product"}],"about":[{"href":"https:\/\/hexexist.com\/tr\/wp-json\/wp\/v2\/types\/product"}],"replies":[{"embeddable":true,"href":"https:\/\/hexexist.com\/tr\/wp-json\/wp\/v2\/comments?post=14173"}],"wp:featuredmedia":[{"embeddable":true,"href":"https:\/\/hexexist.com\/tr\/wp-json\/wp\/v2\/media\/12973"}],"wp:attachment":[{"href":"https:\/\/hexexist.com\/tr\/wp-json\/wp\/v2\/media?parent=14173"}],"wp:term":[{"taxonomy":"product_brand","embeddable":true,"href":"https:\/\/hexexist.com\/tr\/wp-json\/wp\/v2\/product_brand?post=14173"},{"taxonomy":"product_cat","embeddable":true,"href":"https:\/\/hexexist.com\/tr\/wp-json\/wp\/v2\/product_cat?post=14173"},{"taxonomy":"product_tag","embeddable":true,"href":"https:\/\/hexexist.com\/tr\/wp-json\/wp\/v2\/product_tag?post=14173"}],"curies":[{"name":"wp","href":"https:\/\/api.w.org\/{rel}","templated":true}]}}