{"id":14174,"date":"2025-10-09T09:49:41","date_gmt":"2025-10-09T09:49:41","guid":{"rendered":"http:\/\/hexexist.com\/product\/webp-express\/"},"modified":"2025-10-09T09:49:41","modified_gmt":"2025-10-09T09:49:41","slug":"webp-express","status":"publish","type":"product","link":"https:\/\/hexexist.com\/tr\/urun\/webp-express\/","title":{"rendered":"WebP Express"},"content":{"rendered":"<p>Her 10 kullan\u0131c\u0131dan 9&#8217;undan fazlas\u0131 webp g\u00f6r\u00fcnt\u00fcleri g\u00f6r\u00fcnt\u00fcleyebilen bir taray\u0131c\u0131 kullanmaktad\u0131r. Yine de, \u00e7o\u011fu web sitesinde, belirli bir kalite i\u00e7in genellikle webp g\u00f6r\u00fcnt\u00fclerinin iki kat\u0131 boyutunda olan jpeg g\u00f6r\u00fcnt\u00fcleri sunulmaktad\u0131r. Ne b\u00fcy\u00fck bir bant geni\u015fli\u011fi israf\u0131! Bu eklenti, bu durumu d\u00fczeltmeye yard\u0131mc\u0131 olmak i\u00e7in olu\u015fturuldu. WordPress y\u00f6neticileri \u00e7ok az bir \u00e7abayla, sitelerinin webp&#8217;yi destekleyen taray\u0131c\u0131lara otomatik olarak olu\u015fturulmu\u015f webp g\u00f6r\u00fcnt\u00fcleri sunmas\u0131n\u0131 sa\u011flayabilirken, webp&#8217;yi desteklemeyen taray\u0131c\u0131lara jpeg ve png dosyalar\u0131n\u0131 sunmaya devam edebilir.    <\/p>\n","protected":false},"excerpt":{"rendered":"<p>Her 10 kullan\u0131c\u0131dan 9&#8217;undan fazlas\u0131 webp g\u00f6r\u00fcnt\u00fcleri g\u00f6r\u00fcnt\u00fcleyebilen bir taray\u0131c\u0131 kullanmaktad\u0131r. Yine de, \u00e7o\u011fu web sitesinde, belirli bir kalite i\u00e7in genellikle webp g\u00f6r\u00fcnt\u00fclerinin iki kat\u0131 boyutunda olan jpeg g\u00f6r\u00fcnt\u00fcleri sunulmaktad\u0131r. Ne b\u00fcy\u00fck bir bant geni\u015fli\u011fi israf\u0131! Bu eklenti, bu durumu d\u00fczeltmeye yard\u0131mc\u0131 olmak i\u00e7in olu\u015fturuldu. WordPress y\u00f6neticileri \u00e7ok az bir \u00e7abayla, sitelerinin webp&#8217;yi destekleyen taray\u0131c\u0131lara [&hellip;]<\/p>\n","protected":false},"featured_media":12984,"comment_status":"open","ping_status":"closed","template":"","meta":[],"product_brand":[],"product_cat":[1413],"product_tag":[1449,1469,2003],"class_list":{"0":"post-14174","1":"product","2":"type-product","3":"status-publish","4":"has-post-thumbnail","6":"product_cat-eklentiler","7":"product_tag-goruntuler","8":"product_tag-performans","9":"product_tag-webp-tr","11":"first","12":"instock","13":"downloadable","14":"virtual","15":"product-type-simple"},"_links":{"self":[{"href":"https:\/\/hexexist.com\/tr\/wp-json\/wp\/v2\/product\/14174","targetHints":{"allow":["GET"]}}],"collection":[{"href":"https:\/\/hexexist.com\/tr\/wp-json\/wp\/v2\/product"}],"about":[{"href":"https:\/\/hexexist.com\/tr\/wp-json\/wp\/v2\/types\/product"}],"replies":[{"embeddable":true,"href":"https:\/\/hexexist.com\/tr\/wp-json\/wp\/v2\/comments?post=14174"}],"wp:featuredmedia":[{"embeddable":true,"href":"https:\/\/hexexist.com\/tr\/wp-json\/wp\/v2\/media\/12984"}],"wp:attachment":[{"href":"https:\/\/hexexist.com\/tr\/wp-json\/wp\/v2\/media?parent=14174"}],"wp:term":[{"taxonomy":"product_brand","embeddable":true,"href":"https:\/\/hexexist.com\/tr\/wp-json\/wp\/v2\/product_brand?post=14174"},{"taxonomy":"product_cat","embeddable":true,"href":"https:\/\/hexexist.com\/tr\/wp-json\/wp\/v2\/product_cat?post=14174"},{"taxonomy":"product_tag","embeddable":true,"href":"https:\/\/hexexist.com\/tr\/wp-json\/wp\/v2\/product_tag?post=14174"}],"curies":[{"name":"wp","href":"https:\/\/api.w.org\/{rel}","templated":true}]}}