{"id":14175,"date":"2025-10-09T09:49:42","date_gmt":"2025-10-09T09:49:42","guid":{"rendered":"http:\/\/hexexist.com\/product\/saglik-kontrolu-ve-sorun-giderme\/"},"modified":"2025-10-09T09:49:42","modified_gmt":"2025-10-09T09:49:42","slug":"saglik-kontrolu-ve-sorun-giderme","status":"publish","type":"product","link":"https:\/\/hexexist.com\/tr\/urun\/saglik-kontrolu-ve-sorun-giderme\/","title":{"rendered":"Sa\u011fl\u0131k Kontrol\u00fc ve Sorun Giderme"},"content":{"rendered":"<p>Bu eklenti, yayg\u0131n yap\u0131land\u0131rma hatalar\u0131n\u0131 ve bilinen sorunlar\u0131 tespit etmek i\u00e7in WordPress kurulumunuzda bir dizi kontrol ger\u00e7ekle\u015ftirecek ve ayr\u0131ca eklentilerin ve temalar\u0131n kendi kontrollerini eklemelerine izin verecektir.<\/p>\n","protected":false},"excerpt":{"rendered":"<p>Bu eklenti, yayg\u0131n yap\u0131land\u0131rma hatalar\u0131n\u0131 ve bilinen sorunlar\u0131 tespit etmek i\u00e7in WordPress kurulumunuzda bir dizi kontrol ger\u00e7ekle\u015ftirecek ve ayr\u0131ca eklentilerin ve temalar\u0131n kendi kontrollerini eklemelerine izin verecektir.<\/p>\n","protected":false},"featured_media":12993,"comment_status":"open","ping_status":"closed","template":"","meta":[],"product_brand":[],"product_cat":[1413],"product_tag":[2571],"class_list":{"0":"post-14175","1":"product","2":"type-product","3":"status-publish","4":"has-post-thumbnail","6":"product_cat-eklentiler","7":"product_tag-saglik-kontrolu","9":"first","10":"instock","11":"downloadable","12":"virtual","13":"product-type-simple"},"_links":{"self":[{"href":"https:\/\/hexexist.com\/tr\/wp-json\/wp\/v2\/product\/14175","targetHints":{"allow":["GET"]}}],"collection":[{"href":"https:\/\/hexexist.com\/tr\/wp-json\/wp\/v2\/product"}],"about":[{"href":"https:\/\/hexexist.com\/tr\/wp-json\/wp\/v2\/types\/product"}],"replies":[{"embeddable":true,"href":"https:\/\/hexexist.com\/tr\/wp-json\/wp\/v2\/comments?post=14175"}],"wp:featuredmedia":[{"embeddable":true,"href":"https:\/\/hexexist.com\/tr\/wp-json\/wp\/v2\/media\/12993"}],"wp:attachment":[{"href":"https:\/\/hexexist.com\/tr\/wp-json\/wp\/v2\/media?parent=14175"}],"wp:term":[{"taxonomy":"product_brand","embeddable":true,"href":"https:\/\/hexexist.com\/tr\/wp-json\/wp\/v2\/product_brand?post=14175"},{"taxonomy":"product_cat","embeddable":true,"href":"https:\/\/hexexist.com\/tr\/wp-json\/wp\/v2\/product_cat?post=14175"},{"taxonomy":"product_tag","embeddable":true,"href":"https:\/\/hexexist.com\/tr\/wp-json\/wp\/v2\/product_tag?post=14175"}],"curies":[{"name":"wp","href":"https:\/\/api.w.org\/{rel}","templated":true}]}}