{"id":14176,"date":"2025-10-09T09:49:41","date_gmt":"2025-10-09T09:49:41","guid":{"rendered":"http:\/\/hexexist.com\/product\/cok-dilli-siteleri-cevir-translatepress\/"},"modified":"2025-10-09T09:49:41","modified_gmt":"2025-10-09T09:49:41","slug":"cok-dilli-siteleri-cevir-translatepress","status":"publish","type":"product","link":"https:\/\/hexexist.com\/tr\/urun\/cok-dilli-siteleri-cevir-translatepress\/","title":{"rendered":"\u00c7ok dilli siteleri \u00e7evir TranslatePress"},"content":{"rendered":"<p>WordPress sitenizi \u00e7evirmenin ve g\u00f6rsel bir \u00e7eviri aray\u00fcz\u00fc kullanarak do\u011frudan \u00f6n u\u00e7tan \u00e7ok dilli hale gelmenin daha iyi bir yolunu deneyimleyin.<\/p>\n","protected":false},"excerpt":{"rendered":"<p>WordPress sitenizi \u00e7evirmenin ve g\u00f6rsel bir \u00e7eviri aray\u00fcz\u00fc kullanarak do\u011frudan \u00f6n u\u00e7tan \u00e7ok dilli hale gelmenin daha iyi bir yolunu deneyimleyin.<\/p>\n","protected":false},"featured_media":12983,"comment_status":"open","ping_status":"closed","template":"","meta":[],"product_brand":[],"product_cat":[1413],"product_tag":[2277,1560,2573,2572,1561],"class_list":{"0":"post-14176","1":"product","2":"type-product","3":"status-publish","4":"has-post-thumbnail","6":"product_cat-eklentiler","7":"product_tag-ceviri","8":"product_tag-cok-dilli","9":"product_tag-iki-dilli","10":"product_tag-otomatik-ceviri","11":"product_tag-tercume-etmek","13":"first","14":"instock","15":"downloadable","16":"virtual","17":"product-type-simple"},"_links":{"self":[{"href":"https:\/\/hexexist.com\/tr\/wp-json\/wp\/v2\/product\/14176","targetHints":{"allow":["GET"]}}],"collection":[{"href":"https:\/\/hexexist.com\/tr\/wp-json\/wp\/v2\/product"}],"about":[{"href":"https:\/\/hexexist.com\/tr\/wp-json\/wp\/v2\/types\/product"}],"replies":[{"embeddable":true,"href":"https:\/\/hexexist.com\/tr\/wp-json\/wp\/v2\/comments?post=14176"}],"wp:featuredmedia":[{"embeddable":true,"href":"https:\/\/hexexist.com\/tr\/wp-json\/wp\/v2\/media\/12983"}],"wp:attachment":[{"href":"https:\/\/hexexist.com\/tr\/wp-json\/wp\/v2\/media?parent=14176"}],"wp:term":[{"taxonomy":"product_brand","embeddable":true,"href":"https:\/\/hexexist.com\/tr\/wp-json\/wp\/v2\/product_brand?post=14176"},{"taxonomy":"product_cat","embeddable":true,"href":"https:\/\/hexexist.com\/tr\/wp-json\/wp\/v2\/product_cat?post=14176"},{"taxonomy":"product_tag","embeddable":true,"href":"https:\/\/hexexist.com\/tr\/wp-json\/wp\/v2\/product_tag?post=14176"}],"curies":[{"name":"wp","href":"https:\/\/api.w.org\/{rel}","templated":true}]}}