{"id":14177,"date":"2025-10-09T09:49:42","date_gmt":"2025-10-09T09:49:42","guid":{"rendered":"http:\/\/hexexist.com\/product\/wordpress-icin-exactmetrics-google-analytics-gosterge-tablosu-web-sitesi-istatistikleri-eklentisi\/"},"modified":"2025-10-09T09:49:42","modified_gmt":"2025-10-09T09:49:42","slug":"wordpress-icin-exactmetrics-google-analytics-gosterge-tablosu-web-sitesi-istatistikleri-eklentisi","status":"publish","type":"product","link":"https:\/\/hexexist.com\/tr\/urun\/wordpress-icin-exactmetrics-google-analytics-gosterge-tablosu-web-sitesi-istatistikleri-eklentisi\/","title":{"rendered":"WordPress i\u00e7in ExactMetrics Google Analytics G\u00f6sterge Tablosu (Web Sitesi \u0130statistikleri Eklentisi)"},"content":{"rendered":"<p>ExactMetrics Google Analytics for WordPress eklentisi, herhangi bir kod yazmadan veya bir geli\u015ftirici tutmadan t\u00fcm g\u00fc\u00e7l\u00fc Google Analytics izleme \u00f6zelliklerini d\u00fczg\u00fcn bir \u015fekilde kurman\u0131za yard\u0131mc\u0131 olur.<\/p>\n","protected":false},"excerpt":{"rendered":"<p>ExactMetrics Google Analytics for WordPress eklentisi, herhangi bir kod yazmadan veya bir geli\u015ftirici tutmadan t\u00fcm g\u00fc\u00e7l\u00fc Google Analytics izleme \u00f6zelliklerini d\u00fczg\u00fcn bir \u015fekilde kurman\u0131za yard\u0131mc\u0131 olur.<\/p>\n","protected":false},"featured_media":12992,"comment_status":"open","ping_status":"closed","template":"","meta":[],"product_brand":[],"product_cat":[1413],"product_tag":[1550,1980,1982,1981,2574],"class_list":{"0":"post-14177","1":"product","2":"type-product","3":"status-publish","4":"has-post-thumbnail","6":"product_cat-eklentiler","7":"product_tag-analitik","8":"product_tag-google-analitik","9":"product_tag-google-analytics-eklentisi","10":"product_tag-google-analytics-gosterge-tablosu","11":"product_tag-web-sitesi-istatistikleri","13":"first","14":"instock","15":"downloadable","16":"virtual","17":"product-type-simple"},"_links":{"self":[{"href":"https:\/\/hexexist.com\/tr\/wp-json\/wp\/v2\/product\/14177","targetHints":{"allow":["GET"]}}],"collection":[{"href":"https:\/\/hexexist.com\/tr\/wp-json\/wp\/v2\/product"}],"about":[{"href":"https:\/\/hexexist.com\/tr\/wp-json\/wp\/v2\/types\/product"}],"replies":[{"embeddable":true,"href":"https:\/\/hexexist.com\/tr\/wp-json\/wp\/v2\/comments?post=14177"}],"wp:featuredmedia":[{"embeddable":true,"href":"https:\/\/hexexist.com\/tr\/wp-json\/wp\/v2\/media\/12992"}],"wp:attachment":[{"href":"https:\/\/hexexist.com\/tr\/wp-json\/wp\/v2\/media?parent=14177"}],"wp:term":[{"taxonomy":"product_brand","embeddable":true,"href":"https:\/\/hexexist.com\/tr\/wp-json\/wp\/v2\/product_brand?post=14177"},{"taxonomy":"product_cat","embeddable":true,"href":"https:\/\/hexexist.com\/tr\/wp-json\/wp\/v2\/product_cat?post=14177"},{"taxonomy":"product_tag","embeddable":true,"href":"https:\/\/hexexist.com\/tr\/wp-json\/wp\/v2\/product_tag?post=14177"}],"curies":[{"name":"wp","href":"https:\/\/api.w.org\/{rel}","templated":true}]}}