{"id":14178,"date":"2025-10-09T09:49:42","date_gmt":"2025-10-09T09:49:42","guid":{"rendered":"http:\/\/hexexist.com\/product\/gdpr-cerez-uyumlulugu-cerez-banneri-cerez-onayi-ccpa-icin-cerez-bildirimi-ab-cerez-kanunu\/"},"modified":"2025-10-09T09:49:42","modified_gmt":"2025-10-09T09:49:42","slug":"gdpr-cerez-uyumlulugu-cerez-banneri-cerez-onayi-ccpa-icin-cerez-bildirimi-ab-cerez-kanunu","status":"publish","type":"product","link":"https:\/\/hexexist.com\/tr\/urun\/gdpr-cerez-uyumlulugu-cerez-banneri-cerez-onayi-ccpa-icin-cerez-bildirimi-ab-cerez-kanunu\/","title":{"rendered":"GDPR \u00c7erez Uyumlulu\u011fu \u00c7erez Banner&#8217;\u0131, \u00c7erez Onay\u0131, CCPA i\u00e7in \u00c7erez Bildirimi, AB \u00c7erez Kanunu"},"content":{"rendered":"<p>Bu inan\u0131lmaz g\u00fc\u00e7l\u00fc, kullan\u0131m\u0131 kolay, iyi desteklenen ve %100 \u00fccretsiz WordPress eklentisi ile web sitenizi GDPR, CCPA, DSGVO, AB \u00e7erez yasas\u0131 ve bildirim gereksinimleri ile ilgili \u00e7erez onay\u0131 gereksinimlerine haz\u0131rlay\u0131n.<\/p>\n","protected":false},"excerpt":{"rendered":"<p>Bu inan\u0131lmaz g\u00fc\u00e7l\u00fc, kullan\u0131m\u0131 kolay, iyi desteklenen ve %100 \u00fccretsiz WordPress eklentisi ile web sitenizi GDPR, CCPA, DSGVO, AB \u00e7erez yasas\u0131 ve bildirim gereksinimleri ile ilgili \u00e7erez onay\u0131 gereksinimlerine haz\u0131rlay\u0131n.<\/p>\n","protected":false},"featured_media":12991,"comment_status":"open","ping_status":"closed","template":"","meta":[],"product_brand":[],"product_cat":[1413],"product_tag":[1466,1643,2231,1462,2049],"class_list":{"0":"post-14178","1":"product","2":"type-product","3":"status-publish","4":"has-post-thumbnail","6":"product_cat-eklentiler","7":"product_tag-ccpa-tr","8":"product_tag-cerez-onayi","9":"product_tag-dsgvo-tr","10":"product_tag-gdpr-tr","11":"product_tag-kurabiye-afisi","13":"first","14":"instock","15":"downloadable","16":"virtual","17":"product-type-simple"},"_links":{"self":[{"href":"https:\/\/hexexist.com\/tr\/wp-json\/wp\/v2\/product\/14178","targetHints":{"allow":["GET"]}}],"collection":[{"href":"https:\/\/hexexist.com\/tr\/wp-json\/wp\/v2\/product"}],"about":[{"href":"https:\/\/hexexist.com\/tr\/wp-json\/wp\/v2\/types\/product"}],"replies":[{"embeddable":true,"href":"https:\/\/hexexist.com\/tr\/wp-json\/wp\/v2\/comments?post=14178"}],"wp:featuredmedia":[{"embeddable":true,"href":"https:\/\/hexexist.com\/tr\/wp-json\/wp\/v2\/media\/12991"}],"wp:attachment":[{"href":"https:\/\/hexexist.com\/tr\/wp-json\/wp\/v2\/media?parent=14178"}],"wp:term":[{"taxonomy":"product_brand","embeddable":true,"href":"https:\/\/hexexist.com\/tr\/wp-json\/wp\/v2\/product_brand?post=14178"},{"taxonomy":"product_cat","embeddable":true,"href":"https:\/\/hexexist.com\/tr\/wp-json\/wp\/v2\/product_cat?post=14178"},{"taxonomy":"product_tag","embeddable":true,"href":"https:\/\/hexexist.com\/tr\/wp-json\/wp\/v2\/product_tag?post=14178"}],"curies":[{"name":"wp","href":"https:\/\/api.w.org\/{rel}","templated":true}]}}