{"id":14179,"date":"2025-10-09T09:49:41","date_gmt":"2025-10-09T09:49:41","guid":{"rendered":"http:\/\/hexexist.com\/product\/templately-elementor-gutenberg-sablon-kutuphanesi-5500-ucretsiz-ve-pro-hazir-sablon-ve-bulut\/"},"modified":"2025-10-09T09:49:41","modified_gmt":"2025-10-09T09:49:41","slug":"templately-elementor-gutenberg-sablon-kutuphanesi-5500-ucretsiz-ve-pro-hazir-sablon-ve-bulut","status":"publish","type":"product","link":"https:\/\/hexexist.com\/tr\/urun\/templately-elementor-gutenberg-sablon-kutuphanesi-5500-ucretsiz-ve-pro-hazir-sablon-ve-bulut\/","title":{"rendered":"Templately Elementor &amp; Gutenberg \u015eablon K\u00fct\u00fcphanesi: 5500+ \u00dccretsiz ve Pro Haz\u0131r \u015eablon ve Bulut!"},"content":{"rendered":"<p>Templately ile favori Sayfa Olu\u015fturucular\u0131n\u0131z\u0131 yepyeni bir seviyeye ta\u015f\u0131y\u0131n ve t\u00fcm tasar\u0131mlar\u0131n\u0131z\u0131 tek bir yerden y\u00f6netin<\/p>\n","protected":false},"excerpt":{"rendered":"<p>Templately ile favori Sayfa Olu\u015fturucular\u0131n\u0131z\u0131 yepyeni bir seviyeye ta\u015f\u0131y\u0131n ve t\u00fcm tasar\u0131mlar\u0131n\u0131z\u0131 tek bir yerden y\u00f6netin<\/p>\n","protected":false},"featured_media":12982,"comment_status":"open","ping_status":"closed","template":"","meta":[],"product_brand":[],"product_cat":[1413],"product_tag":[1867,2271,2575,2283,2576],"class_list":{"0":"post-14179","1":"product","2":"type-product","3":"status-publish","4":"has-post-thumbnail","6":"product_cat-eklentiler","7":"product_tag-acilis-sayfasi","8":"product_tag-elementor-sablonu","9":"product_tag-gutenberg-sablonu","10":"product_tag-sablonlar","11":"product_tag-wocommerce-sablonlari","13":"first","14":"instock","15":"downloadable","16":"virtual","17":"product-type-simple"},"_links":{"self":[{"href":"https:\/\/hexexist.com\/tr\/wp-json\/wp\/v2\/product\/14179","targetHints":{"allow":["GET"]}}],"collection":[{"href":"https:\/\/hexexist.com\/tr\/wp-json\/wp\/v2\/product"}],"about":[{"href":"https:\/\/hexexist.com\/tr\/wp-json\/wp\/v2\/types\/product"}],"replies":[{"embeddable":true,"href":"https:\/\/hexexist.com\/tr\/wp-json\/wp\/v2\/comments?post=14179"}],"wp:featuredmedia":[{"embeddable":true,"href":"https:\/\/hexexist.com\/tr\/wp-json\/wp\/v2\/media\/12982"}],"wp:attachment":[{"href":"https:\/\/hexexist.com\/tr\/wp-json\/wp\/v2\/media?parent=14179"}],"wp:term":[{"taxonomy":"product_brand","embeddable":true,"href":"https:\/\/hexexist.com\/tr\/wp-json\/wp\/v2\/product_brand?post=14179"},{"taxonomy":"product_cat","embeddable":true,"href":"https:\/\/hexexist.com\/tr\/wp-json\/wp\/v2\/product_cat?post=14179"},{"taxonomy":"product_tag","embeddable":true,"href":"https:\/\/hexexist.com\/tr\/wp-json\/wp\/v2\/product_tag?post=14179"}],"curies":[{"name":"wp","href":"https:\/\/api.w.org\/{rel}","templated":true}]}}