{"id":14180,"date":"2025-10-09T09:49:42","date_gmt":"2025-10-09T09:49:42","guid":{"rendered":"http:\/\/hexexist.com\/product\/formidable-forms-iletisim-formu-eklentisi-anket-test-odeme-hesap-makinesi-formu-ve-ozel-form-olusturucu\/"},"modified":"2026-01-29T23:22:58","modified_gmt":"2026-01-29T23:22:58","slug":"formidable-forms-iletisim-formu-eklentisi-anket-test-odeme-hesap-makinesi-formu-ve-ozel-form-olusturucu","status":"publish","type":"product","link":"https:\/\/hexexist.com\/tr\/urun\/formidable-forms-iletisim-formu-eklentisi-anket-test-odeme-hesap-makinesi-formu-ve-ozel-form-olusturucu\/","title":{"rendered":"Formidable Forms \u0130leti\u015fim Formu Eklentisi, Anket, Test, \u00d6deme, Hesap Makinesi Formu ve \u00d6zel Form Olu\u015fturucu"},"content":{"rendered":"<p>En geli\u015fmi\u015f WordPress form eklentisi. Anketler, testler ve daha fazlas\u0131 i\u00e7in s\u00fcr\u00fckle ve b\u0131rak form olu\u015fturucumuzla ileti\u015fim formlar\u0131n\u0131n \u00f6tesine ge\u00e7in. <\/p>\n","protected":false},"excerpt":{"rendered":"<p>En geli\u015fmi\u015f WordPress form eklentisi. Anketler, testler ve daha fazlas\u0131 i\u00e7in s\u00fcr\u00fckle ve b\u0131rak form olu\u015fturucumuzla ileti\u015fim formlar\u0131n\u0131n \u00f6tesine ge\u00e7in.<\/p>\n","protected":false},"featured_media":12990,"comment_status":"open","ping_status":"closed","template":"","meta":[],"product_brand":[],"product_cat":[1413],"product_tag":[1844,1527,1528,2506,1843],"class_list":{"0":"post-14180","1":"product","2":"type-product","3":"status-publish","4":"has-post-thumbnail","6":"product_cat-eklentiler","7":"product_tag-anket","8":"product_tag-form-olusturucu","9":"product_tag-formlar","10":"product_tag-odeme-formu","11":"product_tag-ozel-form","13":"first","14":"instock","15":"downloadable","16":"virtual","17":"product-type-simple"},"_links":{"self":[{"href":"https:\/\/hexexist.com\/tr\/wp-json\/wp\/v2\/product\/14180","targetHints":{"allow":["GET"]}}],"collection":[{"href":"https:\/\/hexexist.com\/tr\/wp-json\/wp\/v2\/product"}],"about":[{"href":"https:\/\/hexexist.com\/tr\/wp-json\/wp\/v2\/types\/product"}],"replies":[{"embeddable":true,"href":"https:\/\/hexexist.com\/tr\/wp-json\/wp\/v2\/comments?post=14180"}],"wp:featuredmedia":[{"embeddable":true,"href":"https:\/\/hexexist.com\/tr\/wp-json\/wp\/v2\/media\/12990"}],"wp:attachment":[{"href":"https:\/\/hexexist.com\/tr\/wp-json\/wp\/v2\/media?parent=14180"}],"wp:term":[{"taxonomy":"product_brand","embeddable":true,"href":"https:\/\/hexexist.com\/tr\/wp-json\/wp\/v2\/product_brand?post=14180"},{"taxonomy":"product_cat","embeddable":true,"href":"https:\/\/hexexist.com\/tr\/wp-json\/wp\/v2\/product_cat?post=14180"},{"taxonomy":"product_tag","embeddable":true,"href":"https:\/\/hexexist.com\/tr\/wp-json\/wp\/v2\/product_tag?post=14180"}],"curies":[{"name":"wp","href":"https:\/\/api.w.org\/{rel}","templated":true}]}}