{"id":14181,"date":"2025-10-09T09:49:41","date_gmt":"2025-10-09T09:49:41","guid":{"rendered":"http:\/\/hexexist.com\/product\/gercekten-basit-captcha\/"},"modified":"2025-10-09T09:49:41","modified_gmt":"2025-10-09T09:49:41","slug":"gercekten-basit-captcha","status":"publish","type":"product","link":"https:\/\/hexexist.com\/tr\/urun\/gercekten-basit-captcha\/","title":{"rendered":"Ger\u00e7ekten Basit CAPTCHA"},"content":{"rendered":"<p>Really Simple CAPTCHA tek ba\u015f\u0131na \u00e7al\u0131\u015fmaz ve di\u011fer eklentilerle birlikte \u00e7al\u0131\u015fmas\u0131 ama\u00e7lanm\u0131\u015ft\u0131r. Orijinal olarak Contact Form 7 i\u00e7in olu\u015fturulmu\u015ftur, ancak kendi eklentinizle kullanabilirsiniz. <\/p>\n","protected":false},"excerpt":{"rendered":"<p>Really Simple CAPTCHA tek ba\u015f\u0131na \u00e7al\u0131\u015fmaz ve di\u011fer eklentilerle birlikte \u00e7al\u0131\u015fmas\u0131 ama\u00e7lanm\u0131\u015ft\u0131r. Orijinal olarak Contact Form 7 i\u00e7in olu\u015fturulmu\u015ftur, ancak kendi eklentinizle kullanabilirsiniz.<\/p>\n","protected":false},"featured_media":12981,"comment_status":"open","ping_status":"closed","template":"","meta":[],"product_brand":[],"product_cat":[1413],"product_tag":[1545],"class_list":{"0":"post-14181","1":"product","2":"type-product","3":"status-publish","4":"has-post-thumbnail","6":"product_cat-eklentiler","7":"product_tag-captcha-tr","9":"first","10":"instock","11":"downloadable","12":"virtual","13":"product-type-simple"},"_links":{"self":[{"href":"https:\/\/hexexist.com\/tr\/wp-json\/wp\/v2\/product\/14181","targetHints":{"allow":["GET"]}}],"collection":[{"href":"https:\/\/hexexist.com\/tr\/wp-json\/wp\/v2\/product"}],"about":[{"href":"https:\/\/hexexist.com\/tr\/wp-json\/wp\/v2\/types\/product"}],"replies":[{"embeddable":true,"href":"https:\/\/hexexist.com\/tr\/wp-json\/wp\/v2\/comments?post=14181"}],"wp:featuredmedia":[{"embeddable":true,"href":"https:\/\/hexexist.com\/tr\/wp-json\/wp\/v2\/media\/12981"}],"wp:attachment":[{"href":"https:\/\/hexexist.com\/tr\/wp-json\/wp\/v2\/media?parent=14181"}],"wp:term":[{"taxonomy":"product_brand","embeddable":true,"href":"https:\/\/hexexist.com\/tr\/wp-json\/wp\/v2\/product_brand?post=14181"},{"taxonomy":"product_cat","embeddable":true,"href":"https:\/\/hexexist.com\/tr\/wp-json\/wp\/v2\/product_cat?post=14181"},{"taxonomy":"product_tag","embeddable":true,"href":"https:\/\/hexexist.com\/tr\/wp-json\/wp\/v2\/product_tag?post=14181"}],"curies":[{"name":"wp","href":"https:\/\/api.w.org\/{rel}","templated":true}]}}