{"id":14182,"date":"2025-10-09T09:49:41","date_gmt":"2025-10-09T09:49:41","guid":{"rendered":"http:\/\/hexexist.com\/product\/post-smtp-gunlukler-uyarilar-yedek-smtp-ve-mobil-uygulama-ile-komple-smtp-cozumu\/"},"modified":"2025-10-09T09:49:41","modified_gmt":"2025-10-09T09:49:41","slug":"post-smtp-gunlukler-uyarilar-yedek-smtp-ve-mobil-uygulama-ile-komple-smtp-cozumu","status":"publish","type":"product","link":"https:\/\/hexexist.com\/tr\/urun\/post-smtp-gunlukler-uyarilar-yedek-smtp-ve-mobil-uygulama-ile-komple-smtp-cozumu\/","title":{"rendered":"Post SMTP G\u00fcnl\u00fckler, Uyar\u0131lar, Yedek SMTP ve Mobil Uygulama ile Komple SMTP \u00c7\u00f6z\u00fcm\u00fc"},"content":{"rendered":"<p>\ud83d\udc51 Go Pro | \ud83d\udcbbCanl\u0131 Demo | \ud83d\udd0cExtensions | \ud83d\udcf1Mobil Uygulama<\/p>\n","protected":false},"excerpt":{"rendered":"<p>\ud83d\udc51 Go Pro | \ud83d\udcbbCanl\u0131 Demo | \ud83d\udd0cExtensions | \ud83d\udcf1Mobil Uygulama<\/p>\n","protected":false},"featured_media":12980,"comment_status":"open","ping_status":"closed","template":"","meta":[],"product_brand":[],"product_cat":[1413],"product_tag":[1605,2442,2444,2577,1661],"class_list":{"0":"post-14182","1":"product","2":"type-product","3":"status-publish","4":"has-post-thumbnail","6":"product_cat-eklentiler","7":"product_tag-e-posta","8":"product_tag-e-posta-gunlukleri","9":"product_tag-gmail-smtp-tr","10":"product_tag-ofis-365","11":"product_tag-smtp-tr","13":"first","14":"instock","15":"downloadable","16":"virtual","17":"product-type-simple"},"_links":{"self":[{"href":"https:\/\/hexexist.com\/tr\/wp-json\/wp\/v2\/product\/14182","targetHints":{"allow":["GET"]}}],"collection":[{"href":"https:\/\/hexexist.com\/tr\/wp-json\/wp\/v2\/product"}],"about":[{"href":"https:\/\/hexexist.com\/tr\/wp-json\/wp\/v2\/types\/product"}],"replies":[{"embeddable":true,"href":"https:\/\/hexexist.com\/tr\/wp-json\/wp\/v2\/comments?post=14182"}],"wp:featuredmedia":[{"embeddable":true,"href":"https:\/\/hexexist.com\/tr\/wp-json\/wp\/v2\/media\/12980"}],"wp:attachment":[{"href":"https:\/\/hexexist.com\/tr\/wp-json\/wp\/v2\/media?parent=14182"}],"wp:term":[{"taxonomy":"product_brand","embeddable":true,"href":"https:\/\/hexexist.com\/tr\/wp-json\/wp\/v2\/product_brand?post=14182"},{"taxonomy":"product_cat","embeddable":true,"href":"https:\/\/hexexist.com\/tr\/wp-json\/wp\/v2\/product_cat?post=14182"},{"taxonomy":"product_tag","embeddable":true,"href":"https:\/\/hexexist.com\/tr\/wp-json\/wp\/v2\/product_tag?post=14182"}],"curies":[{"name":"wp","href":"https:\/\/api.w.org\/{rel}","templated":true}]}}