{"id":14183,"date":"2025-10-09T09:49:42","date_gmt":"2025-10-09T09:49:42","guid":{"rendered":"http:\/\/hexexist.com\/product\/spk2\/"},"modified":"2025-10-09T09:49:42","modified_gmt":"2025-10-09T09:49:42","slug":"spk2","status":"publish","type":"product","link":"https:\/\/hexexist.com\/tr\/urun\/spk2\/","title":{"rendered":"SPK2"},"content":{"rendered":"<p>CMB2, WordPress i\u00e7in akl\u0131n\u0131z\u0131 ba\u015f\u0131n\u0131zdan alacak meta kutular, \u00f6zel alanlar ve formlar olu\u015fturmaya y\u00f6nelik bir geli\u015ftirici ara\u00e7 setidir. Yaz\u0131lar, terimler, kullan\u0131c\u0131lar, yorumlar i\u00e7in metalar\u0131 kolayca y\u00f6netin veya \u00f6zel se\u00e7enek sayfalar\u0131 olu\u015fturun. <\/p>\n","protected":false},"excerpt":{"rendered":"<p>CMB2, WordPress i\u00e7in akl\u0131n\u0131z\u0131 ba\u015f\u0131n\u0131zdan alacak meta kutular, \u00f6zel alanlar ve formlar olu\u015fturmaya y\u00f6nelik bir geli\u015ftirici ara\u00e7 setidir. Yaz\u0131lar, terimler, kullan\u0131c\u0131lar, yorumlar i\u00e7in metalar\u0131 kolayca y\u00f6netin veya \u00f6zel se\u00e7enek sayfalar\u0131 olu\u015fturun.<\/p>\n","protected":false},"featured_media":12989,"comment_status":"open","ping_status":"closed","template":"","meta":[],"product_brand":[],"product_cat":[1413],"product_tag":[1993,2578,1528,2510,2579],"class_list":{"0":"post-14183","1":"product","2":"type-product","3":"status-publish","4":"has-post-thumbnail","6":"product_cat-eklentiler","7":"product_tag-alanlar","8":"product_tag-ayarlar","9":"product_tag-formlar","10":"product_tag-metaboxes-tr","11":"product_tag-secenekler","13":"first","14":"instock","15":"downloadable","16":"virtual","17":"product-type-simple"},"_links":{"self":[{"href":"https:\/\/hexexist.com\/tr\/wp-json\/wp\/v2\/product\/14183","targetHints":{"allow":["GET"]}}],"collection":[{"href":"https:\/\/hexexist.com\/tr\/wp-json\/wp\/v2\/product"}],"about":[{"href":"https:\/\/hexexist.com\/tr\/wp-json\/wp\/v2\/types\/product"}],"replies":[{"embeddable":true,"href":"https:\/\/hexexist.com\/tr\/wp-json\/wp\/v2\/comments?post=14183"}],"wp:featuredmedia":[{"embeddable":true,"href":"https:\/\/hexexist.com\/tr\/wp-json\/wp\/v2\/media\/12989"}],"wp:attachment":[{"href":"https:\/\/hexexist.com\/tr\/wp-json\/wp\/v2\/media?parent=14183"}],"wp:term":[{"taxonomy":"product_brand","embeddable":true,"href":"https:\/\/hexexist.com\/tr\/wp-json\/wp\/v2\/product_brand?post=14183"},{"taxonomy":"product_cat","embeddable":true,"href":"https:\/\/hexexist.com\/tr\/wp-json\/wp\/v2\/product_cat?post=14183"},{"taxonomy":"product_tag","embeddable":true,"href":"https:\/\/hexexist.com\/tr\/wp-json\/wp\/v2\/product_tag?post=14183"}],"curies":[{"name":"wp","href":"https:\/\/api.w.org\/{rel}","templated":true}]}}