{"id":14184,"date":"2025-10-09T09:49:42","date_gmt":"2025-10-09T09:49:42","guid":{"rendered":"http:\/\/hexexist.com\/product\/cocuk-temasi-yapilandiricisi\/"},"modified":"2025-10-09T09:49:42","modified_gmt":"2025-10-09T09:49:42","slug":"cocuk-temasi-yapilandiricisi","status":"publish","type":"product","link":"https:\/\/hexexist.com\/tr\/urun\/cocuk-temasi-yapilandiricisi\/","title":{"rendered":"\u00c7ocuk Temas\u0131 Yap\u0131land\u0131r\u0131c\u0131s\u0131"},"content":{"rendered":"<p>Alt Tema Yap\u0131land\u0131r\u0131c\u0131, yayg\u0131n sorunlar i\u00e7in herhangi bir temay\u0131 analiz etmenize, bir alt tema olu\u015fturman\u0131za ve \u00d6zelle\u015ftirici se\u00e7eneklerinin \u00f6tesinde \u00f6zelle\u015ftirmenize olanak tan\u0131yan h\u0131zl\u0131 ve kullan\u0131m\u0131 kolay bir yard\u0131mc\u0131 programd\u0131r. Alt tema stil sayfalar\u0131n\u0131 do\u011frudan \u00f6zelle\u015ftirmek isteyen WordPress kullan\u0131c\u0131lar\u0131 i\u00e7in tasarlanan Alt Tema Yap\u0131land\u0131r\u0131c\u0131, \u00f6zelle\u015ftirmek istedi\u011finiz CSS niteliklerini kolayca belirlemenizi ve ge\u00e7ersiz k\u0131lman\u0131z\u0131 sa\u011flar. \u00c7\u00f6z\u00fcmleyici, i\u015flenen temay\u0131 tarar ve alt teman\u0131z\u0131 otomatik olarak yap\u0131land\u0131r\u0131r. Optimum performans i\u00e7in tema ve yaz\u0131 tipi stil sayfalar\u0131n\u0131 do\u011fru \u015fekilde s\u0131ralar ve sat\u0131c\u0131ya \u00f6zg\u00fc s\u00f6zdizimini i\u015fleyerek Ana Teman\u0131za dokunmadan Alt Tema g\u00f6r\u00fcn\u00fcm\u00fc ve hissi \u00fczerinde s\u0131n\u0131rs\u0131z kontrol sa\u011flar. Alt tema olu\u015fturma hakk\u0131nda daha fazla bilgi edinin.    <\/p>\n","protected":false},"excerpt":{"rendered":"<p>Alt Tema Yap\u0131land\u0131r\u0131c\u0131, yayg\u0131n sorunlar i\u00e7in herhangi bir temay\u0131 analiz etmenize, bir alt tema olu\u015fturman\u0131za ve \u00d6zelle\u015ftirici se\u00e7eneklerinin \u00f6tesinde \u00f6zelle\u015ftirmenize olanak tan\u0131yan h\u0131zl\u0131 ve kullan\u0131m\u0131 kolay bir yard\u0131mc\u0131 programd\u0131r. Alt tema stil sayfalar\u0131n\u0131 do\u011frudan \u00f6zelle\u015ftirmek isteyen WordPress kullan\u0131c\u0131lar\u0131 i\u00e7in tasarlanan Alt Tema Yap\u0131land\u0131r\u0131c\u0131, \u00f6zelle\u015ftirmek istedi\u011finiz CSS niteliklerini kolayca belirlemenizi ve ge\u00e7ersiz k\u0131lman\u0131z\u0131 sa\u011flar. \u00c7\u00f6z\u00fcmleyici, i\u015flenen [&hellip;]<\/p>\n","protected":false},"featured_media":12988,"comment_status":"open","ping_status":"closed","template":"","meta":[],"product_brand":[],"product_cat":[1413],"product_tag":[2580,2583,2582,2584,1614],"class_list":{"0":"post-14184","1":"product","2":"type-product","3":"status-publish","4":"has-post-thumbnail","6":"product_cat-eklentiler","7":"product_tag-cocuk","8":"product_tag-cocuk-temalari","9":"product_tag-cocuk-temasi","10":"product_tag-ozel-stiller","11":"product_tag-tema","13":"first","14":"instock","15":"downloadable","16":"virtual","17":"product-type-simple"},"_links":{"self":[{"href":"https:\/\/hexexist.com\/tr\/wp-json\/wp\/v2\/product\/14184","targetHints":{"allow":["GET"]}}],"collection":[{"href":"https:\/\/hexexist.com\/tr\/wp-json\/wp\/v2\/product"}],"about":[{"href":"https:\/\/hexexist.com\/tr\/wp-json\/wp\/v2\/types\/product"}],"replies":[{"embeddable":true,"href":"https:\/\/hexexist.com\/tr\/wp-json\/wp\/v2\/comments?post=14184"}],"wp:featuredmedia":[{"embeddable":true,"href":"https:\/\/hexexist.com\/tr\/wp-json\/wp\/v2\/media\/12988"}],"wp:attachment":[{"href":"https:\/\/hexexist.com\/tr\/wp-json\/wp\/v2\/media?parent=14184"}],"wp:term":[{"taxonomy":"product_brand","embeddable":true,"href":"https:\/\/hexexist.com\/tr\/wp-json\/wp\/v2\/product_brand?post=14184"},{"taxonomy":"product_cat","embeddable":true,"href":"https:\/\/hexexist.com\/tr\/wp-json\/wp\/v2\/product_cat?post=14184"},{"taxonomy":"product_tag","embeddable":true,"href":"https:\/\/hexexist.com\/tr\/wp-json\/wp\/v2\/product_tag?post=14184"}],"curies":[{"name":"wp","href":"https:\/\/api.w.org\/{rel}","templated":true}]}}