{"id":14185,"date":"2025-10-09T09:49:43","date_gmt":"2025-10-09T09:49:43","guid":{"rendered":"http:\/\/hexexist.com\/product\/woocommerce-icin-pinterest\/"},"modified":"2025-10-09T09:49:43","modified_gmt":"2025-10-09T09:49:43","slug":"woocommerce-icin-pinterest","status":"publish","type":"product","link":"https:\/\/hexexist.com\/tr\/urun\/woocommerce-icin-pinterest\/","title":{"rendered":"WooCommerce i\u00e7in Pinterest"},"content":{"rendered":"<p>Pinterest insanlara bir sonraki harika fikirlerini veriyor. K\u0131smen koleksiyon, k\u0131smen pazar yeri olan Pinterest, milyonlarca pinner i\u00e7in ilham, yeni \u00fcr\u00fcnler ve yeni olas\u0131l\u0131klar bulabilecekleri tek durak noktas\u0131d\u0131r. G\u00f6rsel bir arama motoru gibi, insanlar\u0131 kendileri i\u00e7in do\u011fru olan fikirlere, ilhamlara ve \u00fcr\u00fcnlere y\u00f6nlendiriyor.  <\/p>\n","protected":false},"excerpt":{"rendered":"<p>Pinterest insanlara bir sonraki harika fikirlerini veriyor. K\u0131smen koleksiyon, k\u0131smen pazar yeri olan Pinterest, milyonlarca pinner i\u00e7in ilham, yeni \u00fcr\u00fcnler ve yeni olas\u0131l\u0131klar bulabilecekleri tek durak noktas\u0131d\u0131r. G\u00f6rsel bir arama motoru gibi, insanlar\u0131 kendileri i\u00e7in do\u011fru olan fikirlere, ilhamlara ve \u00fcr\u00fcnlere y\u00f6nlendiriyor.<\/p>\n","protected":false},"featured_media":12997,"comment_status":"open","ping_status":"closed","template":"","meta":[],"product_brand":[],"product_cat":[1413],"product_tag":[1645,2536,2581,1459],"class_list":{"0":"post-14185","1":"product","2":"type-product","3":"status-publish","4":"has-post-thumbnail","6":"product_cat-eklentiler","7":"product_tag-pazarlama","8":"product_tag-piksel","9":"product_tag-pinterest-tr","10":"product_tag-woocommerce-tr","12":"first","13":"instock","14":"downloadable","15":"virtual","16":"product-type-simple"},"_links":{"self":[{"href":"https:\/\/hexexist.com\/tr\/wp-json\/wp\/v2\/product\/14185","targetHints":{"allow":["GET"]}}],"collection":[{"href":"https:\/\/hexexist.com\/tr\/wp-json\/wp\/v2\/product"}],"about":[{"href":"https:\/\/hexexist.com\/tr\/wp-json\/wp\/v2\/types\/product"}],"replies":[{"embeddable":true,"href":"https:\/\/hexexist.com\/tr\/wp-json\/wp\/v2\/comments?post=14185"}],"wp:featuredmedia":[{"embeddable":true,"href":"https:\/\/hexexist.com\/tr\/wp-json\/wp\/v2\/media\/12997"}],"wp:attachment":[{"href":"https:\/\/hexexist.com\/tr\/wp-json\/wp\/v2\/media?parent=14185"}],"wp:term":[{"taxonomy":"product_brand","embeddable":true,"href":"https:\/\/hexexist.com\/tr\/wp-json\/wp\/v2\/product_brand?post=14185"},{"taxonomy":"product_cat","embeddable":true,"href":"https:\/\/hexexist.com\/tr\/wp-json\/wp\/v2\/product_cat?post=14185"},{"taxonomy":"product_tag","embeddable":true,"href":"https:\/\/hexexist.com\/tr\/wp-json\/wp\/v2\/product_tag?post=14185"}],"curies":[{"name":"wp","href":"https:\/\/api.w.org\/{rel}","templated":true}]}}