{"id":14186,"date":"2025-10-09T09:49:43","date_gmt":"2025-10-09T09:49:43","guid":{"rendered":"http:\/\/hexexist.com\/product\/otter-blocks-gutenberg-bloklari-gutenberg-editor-ve-fse-icin-sayfa-olusturucu\/"},"modified":"2025-10-09T09:49:43","modified_gmt":"2025-10-09T09:49:43","slug":"otter-blocks-gutenberg-bloklari-gutenberg-editor-ve-fse-icin-sayfa-olusturucu","status":"publish","type":"product","link":"https:\/\/hexexist.com\/tr\/urun\/otter-blocks-gutenberg-bloklari-gutenberg-editor-ve-fse-icin-sayfa-olusturucu\/","title":{"rendered":"Otter Blocks Gutenberg Bloklar\u0131, Gutenberg Edit\u00f6r ve FSE i\u00e7in Sayfa Olu\u015fturucu"},"content":{"rendered":"<p>Otter, Elementor ve Divi gibi geleneksel sayfa olu\u015fturuculara ihtiya\u00e7 duymadan daha iyi bir sayfa olu\u015fturma deneyimi i\u00e7in WordPress Blok D\u00fczenleyicisine (Gutenberg olarak da bilinir) ekstra i\u015flevsellik ekleyen bir Gutenberg Bloklar\u0131 sayfa olu\u015fturucu eklentisidir.<\/p>\n","protected":false},"excerpt":{"rendered":"<p>Otter, Elementor ve Divi gibi geleneksel sayfa olu\u015fturuculara ihtiya\u00e7 duymadan daha iyi bir sayfa olu\u015fturma deneyimi i\u00e7in WordPress Blok D\u00fczenleyicisine (Gutenberg olarak da bilinir) ekstra i\u015flevsellik ekleyen bir Gutenberg Bloklar\u0131 sayfa olu\u015fturucu eklentisidir.<\/p>\n","protected":false},"featured_media":12996,"comment_status":"open","ping_status":"closed","template":"","meta":[],"product_brand":[],"product_cat":[1413],"product_tag":[1773,1529,1526,2205,1535],"class_list":{"0":"post-14186","1":"product","2":"type-product","3":"status-publish","4":"has-post-thumbnail","6":"product_cat-eklentiler","7":"product_tag-block-tr","8":"product_tag-bloklar","9":"product_tag-gutenberg-tr","10":"product_tag-gutenberg-bloklari","11":"product_tag-sayfa-olusturucu","13":"first","14":"instock","15":"downloadable","16":"virtual","17":"product-type-simple"},"_links":{"self":[{"href":"https:\/\/hexexist.com\/tr\/wp-json\/wp\/v2\/product\/14186","targetHints":{"allow":["GET"]}}],"collection":[{"href":"https:\/\/hexexist.com\/tr\/wp-json\/wp\/v2\/product"}],"about":[{"href":"https:\/\/hexexist.com\/tr\/wp-json\/wp\/v2\/types\/product"}],"replies":[{"embeddable":true,"href":"https:\/\/hexexist.com\/tr\/wp-json\/wp\/v2\/comments?post=14186"}],"wp:featuredmedia":[{"embeddable":true,"href":"https:\/\/hexexist.com\/tr\/wp-json\/wp\/v2\/media\/12996"}],"wp:attachment":[{"href":"https:\/\/hexexist.com\/tr\/wp-json\/wp\/v2\/media?parent=14186"}],"wp:term":[{"taxonomy":"product_brand","embeddable":true,"href":"https:\/\/hexexist.com\/tr\/wp-json\/wp\/v2\/product_brand?post=14186"},{"taxonomy":"product_cat","embeddable":true,"href":"https:\/\/hexexist.com\/tr\/wp-json\/wp\/v2\/product_cat?post=14186"},{"taxonomy":"product_tag","embeddable":true,"href":"https:\/\/hexexist.com\/tr\/wp-json\/wp\/v2\/product_tag?post=14186"}],"curies":[{"name":"wp","href":"https:\/\/api.w.org\/{rel}","templated":true}]}}