{"id":14187,"date":"2025-10-09T09:49:42","date_gmt":"2025-10-09T09:49:42","guid":{"rendered":"http:\/\/hexexist.com\/product\/addtoany-paylasim-dugmeleri\/"},"modified":"2025-10-09T09:49:42","modified_gmt":"2025-10-09T09:49:42","slug":"addtoany-paylasim-dugmeleri","status":"publish","type":"product","link":"https:\/\/hexexist.com\/tr\/urun\/addtoany-paylasim-dugmeleri\/","title":{"rendered":"AddToAny Payla\u015f\u0131m D\u00fc\u011fmeleri"},"content":{"rendered":"<p>WordPress i\u00e7in AddToAny Share Buttons eklentisi, insanlar\u0131n yaz\u0131lar\u0131n\u0131z\u0131 ve sayfalar\u0131n\u0131z\u0131 herhangi bir hizmette payla\u015fmas\u0131na yard\u0131mc\u0131 olarak trafi\u011fi ve etkile\u015fimi art\u0131r\u0131r. Hizmetler aras\u0131nda Facebook, Mastodon, Pinterest, WhatsApp, LinkedIn, Threads, Bluesky, Tumblr, Reddit, X, WeChat ve daha bir\u00e7ok payla\u015f\u0131m ve sosyal medya sitesi ve uygulamas\u0131 bulunur. <\/p>\n","protected":false},"excerpt":{"rendered":"<p>WordPress i\u00e7in AddToAny Share Buttons eklentisi, insanlar\u0131n yaz\u0131lar\u0131n\u0131z\u0131 ve sayfalar\u0131n\u0131z\u0131 herhangi bir hizmette payla\u015fmas\u0131na yard\u0131mc\u0131 olarak trafi\u011fi ve etkile\u015fimi art\u0131r\u0131r. Hizmetler aras\u0131nda Facebook, Mastodon, Pinterest, WhatsApp, LinkedIn, Threads, Bluesky, Tumblr, Reddit, X, WeChat ve daha bir\u00e7ok payla\u015f\u0131m ve sosyal medya sitesi ve uygulamas\u0131 bulunur.<\/p>\n","protected":false},"featured_media":12987,"comment_status":"open","ping_status":"closed","template":"","meta":[],"product_brand":[],"product_cat":[1413],"product_tag":[1790,1934,2237,1791,1882],"class_list":{"0":"post-14187","1":"product","2":"type-product","3":"status-publish","4":"has-post-thumbnail","6":"product_cat-eklentiler","7":"product_tag-paylas","8":"product_tag-paylas-butonlari","9":"product_tag-simgeleri-paylas","10":"product_tag-sosyal","11":"product_tag-sosyal-medya","13":"first","14":"instock","15":"downloadable","16":"virtual","17":"product-type-simple"},"_links":{"self":[{"href":"https:\/\/hexexist.com\/tr\/wp-json\/wp\/v2\/product\/14187","targetHints":{"allow":["GET"]}}],"collection":[{"href":"https:\/\/hexexist.com\/tr\/wp-json\/wp\/v2\/product"}],"about":[{"href":"https:\/\/hexexist.com\/tr\/wp-json\/wp\/v2\/types\/product"}],"replies":[{"embeddable":true,"href":"https:\/\/hexexist.com\/tr\/wp-json\/wp\/v2\/comments?post=14187"}],"wp:featuredmedia":[{"embeddable":true,"href":"https:\/\/hexexist.com\/tr\/wp-json\/wp\/v2\/media\/12987"}],"wp:attachment":[{"href":"https:\/\/hexexist.com\/tr\/wp-json\/wp\/v2\/media?parent=14187"}],"wp:term":[{"taxonomy":"product_brand","embeddable":true,"href":"https:\/\/hexexist.com\/tr\/wp-json\/wp\/v2\/product_brand?post=14187"},{"taxonomy":"product_cat","embeddable":true,"href":"https:\/\/hexexist.com\/tr\/wp-json\/wp\/v2\/product_cat?post=14187"},{"taxonomy":"product_tag","embeddable":true,"href":"https:\/\/hexexist.com\/tr\/wp-json\/wp\/v2\/product_tag?post=14187"}],"curies":[{"name":"wp","href":"https:\/\/api.w.org\/{rel}","templated":true}]}}