{"id":14188,"date":"2025-10-09T09:49:43","date_gmt":"2025-10-09T09:49:43","guid":{"rendered":"http:\/\/hexexist.com\/product\/woocommerce-icin-sepeti-terk-etme-kurtarma-otomatik-e-postalarla-kayip-satislari-kurtarin\/"},"modified":"2025-10-09T09:49:43","modified_gmt":"2025-10-09T09:49:43","slug":"woocommerce-icin-sepeti-terk-etme-kurtarma-otomatik-e-postalarla-kayip-satislari-kurtarin","status":"publish","type":"product","link":"https:\/\/hexexist.com\/tr\/urun\/woocommerce-icin-sepeti-terk-etme-kurtarma-otomatik-e-postalarla-kayip-satislari-kurtarin\/","title":{"rendered":"WooCommerce i\u00e7in Sepeti Terk Etme Kurtarma Otomatik E-postalarla Kay\u0131p Sat\u0131\u015flar\u0131 Kurtar\u0131n"},"content":{"rendered":"<p>Kaybedilen Sat\u0131\u015flar\u0131 Otomatik Olarak Geri Getirin<\/p>\n","protected":false},"excerpt":{"rendered":"<p>Kaybedilen Sat\u0131\u015flar\u0131 Otomatik Olarak Geri Getirin<\/p>\n","protected":false},"featured_media":13000,"comment_status":"open","ping_status":"closed","template":"","meta":[],"product_brand":[],"product_cat":[1413],"product_tag":[2585,2586,1459],"class_list":{"0":"post-14188","1":"product","2":"type-product","3":"status-publish","4":"has-post-thumbnail","6":"product_cat-eklentiler","7":"product_tag-alisveris-sepetini-terk-etme","8":"product_tag-araba-kurtarma","9":"product_tag-woocommerce-tr","11":"first","12":"instock","13":"downloadable","14":"virtual","15":"product-type-simple"},"_links":{"self":[{"href":"https:\/\/hexexist.com\/tr\/wp-json\/wp\/v2\/product\/14188","targetHints":{"allow":["GET"]}}],"collection":[{"href":"https:\/\/hexexist.com\/tr\/wp-json\/wp\/v2\/product"}],"about":[{"href":"https:\/\/hexexist.com\/tr\/wp-json\/wp\/v2\/types\/product"}],"replies":[{"embeddable":true,"href":"https:\/\/hexexist.com\/tr\/wp-json\/wp\/v2\/comments?post=14188"}],"wp:featuredmedia":[{"embeddable":true,"href":"https:\/\/hexexist.com\/tr\/wp-json\/wp\/v2\/media\/13000"}],"wp:attachment":[{"href":"https:\/\/hexexist.com\/tr\/wp-json\/wp\/v2\/media?parent=14188"}],"wp:term":[{"taxonomy":"product_brand","embeddable":true,"href":"https:\/\/hexexist.com\/tr\/wp-json\/wp\/v2\/product_brand?post=14188"},{"taxonomy":"product_cat","embeddable":true,"href":"https:\/\/hexexist.com\/tr\/wp-json\/wp\/v2\/product_cat?post=14188"},{"taxonomy":"product_tag","embeddable":true,"href":"https:\/\/hexexist.com\/tr\/wp-json\/wp\/v2\/product_tag?post=14188"}],"curies":[{"name":"wp","href":"https:\/\/api.w.org\/{rel}","templated":true}]}}