{"id":14189,"date":"2025-10-09T09:49:43","date_gmt":"2025-10-09T09:49:43","guid":{"rendered":"http:\/\/hexexist.com\/product\/oturum-acma-girisimlerini-sinirla\/"},"modified":"2025-10-09T09:49:43","modified_gmt":"2025-10-09T09:49:43","slug":"oturum-acma-girisimlerini-sinirla","status":"publish","type":"product","link":"https:\/\/hexexist.com\/tr\/urun\/oturum-acma-girisimlerini-sinirla\/","title":{"rendered":"Oturum A\u00e7ma Giri\u015fimlerini S\u0131n\u0131rla"},"content":{"rendered":"<p>Hem normal oturum a\u00e7ma yoluyla hem de auth \u00e7erezlerini kullanarak m\u00fcmk\u00fcn olan oturum a\u00e7ma denemelerinin say\u0131s\u0131n\u0131 s\u0131n\u0131rlay\u0131n.<\/p>\n","protected":false},"excerpt":{"rendered":"<p>Hem normal oturum a\u00e7ma yoluyla hem de auth \u00e7erezlerini kullanarak m\u00fcmk\u00fcn olan oturum a\u00e7ma denemelerinin say\u0131s\u0131n\u0131 s\u0131n\u0131rlay\u0131n.<\/p>\n","protected":false},"featured_media":12995,"comment_status":"open","ping_status":"closed","template":"","meta":[],"product_brand":[],"product_cat":[1413],"product_tag":[2015,1455,1470],"class_list":{"0":"post-14189","1":"product","2":"type-product","3":"status-publish","4":"has-post-thumbnail","6":"product_cat-eklentiler","7":"product_tag-giris","8":"product_tag-guvenlik","9":"product_tag-kimlik-dogrulama","11":"first","12":"instock","13":"downloadable","14":"virtual","15":"product-type-simple"},"_links":{"self":[{"href":"https:\/\/hexexist.com\/tr\/wp-json\/wp\/v2\/product\/14189","targetHints":{"allow":["GET"]}}],"collection":[{"href":"https:\/\/hexexist.com\/tr\/wp-json\/wp\/v2\/product"}],"about":[{"href":"https:\/\/hexexist.com\/tr\/wp-json\/wp\/v2\/types\/product"}],"replies":[{"embeddable":true,"href":"https:\/\/hexexist.com\/tr\/wp-json\/wp\/v2\/comments?post=14189"}],"wp:featuredmedia":[{"embeddable":true,"href":"https:\/\/hexexist.com\/tr\/wp-json\/wp\/v2\/media\/12995"}],"wp:attachment":[{"href":"https:\/\/hexexist.com\/tr\/wp-json\/wp\/v2\/media?parent=14189"}],"wp:term":[{"taxonomy":"product_brand","embeddable":true,"href":"https:\/\/hexexist.com\/tr\/wp-json\/wp\/v2\/product_brand?post=14189"},{"taxonomy":"product_cat","embeddable":true,"href":"https:\/\/hexexist.com\/tr\/wp-json\/wp\/v2\/product_cat?post=14189"},{"taxonomy":"product_tag","embeddable":true,"href":"https:\/\/hexexist.com\/tr\/wp-json\/wp\/v2\/product_tag?post=14189"}],"curies":[{"name":"wp","href":"https:\/\/api.w.org\/{rel}","templated":true}]}}