{"id":14190,"date":"2025-10-09T09:49:43","date_gmt":"2025-10-09T09:49:43","guid":{"rendered":"http:\/\/hexexist.com\/product\/elementor-icin-jeg-kit-wordpress-icin-guclu-elementor-eklentileri-widgetlari-ve-sablonlari\/"},"modified":"2025-10-09T09:49:43","modified_gmt":"2025-10-09T09:49:43","slug":"elementor-icin-jeg-kit-wordpress-icin-guclu-elementor-eklentileri-widgetlari-ve-sablonlari","status":"publish","type":"product","link":"https:\/\/hexexist.com\/tr\/urun\/elementor-icin-jeg-kit-wordpress-icin-guclu-elementor-eklentileri-widgetlari-ve-sablonlari\/","title":{"rendered":"Elementor i\u00e7in Jeg Kit WordPress i\u00e7in G\u00fc\u00e7l\u00fc Elementor Eklentileri, Widget&#8217;lar\u0131 ve \u015eablonlar\u0131"},"content":{"rendered":"<p>Elementor i\u00e7in Jeg Kit (eski ad\u0131yla Jeg Elementor Kit), Elementor sayfa olu\u015fturucu i\u00e7in ek widget&#8217;lard\u0131r. Son derece \u00f6zelle\u015ftirilebilir 40 widget&#8217;a sahiptir. <\/p>\n","protected":false},"excerpt":{"rendered":"<p>Elementor i\u00e7in Jeg Kit (eski ad\u0131yla Jeg Elementor Kit), Elementor sayfa olu\u015fturucu i\u00e7in ek widget&#8217;lard\u0131r. Son derece \u00f6zelle\u015ftirilebilir 40 widget&#8217;a sahiptir.<\/p>\n","protected":false},"featured_media":12994,"comment_status":"open","ping_status":"closed","template":"","meta":[],"product_brand":[],"product_cat":[1413],"product_tag":[1976,1977,1532,2283,2030],"class_list":{"0":"post-14190","1":"product","2":"type-product","3":"status-publish","4":"has-post-thumbnail","6":"product_cat-eklentiler","7":"product_tag-eklentiler","8":"product_tag-elemanlari","9":"product_tag-elementor-tr","10":"product_tag-sablonlar","11":"product_tag-widgetlar","13":"first","14":"instock","15":"downloadable","16":"virtual","17":"product-type-simple"},"_links":{"self":[{"href":"https:\/\/hexexist.com\/tr\/wp-json\/wp\/v2\/product\/14190","targetHints":{"allow":["GET"]}}],"collection":[{"href":"https:\/\/hexexist.com\/tr\/wp-json\/wp\/v2\/product"}],"about":[{"href":"https:\/\/hexexist.com\/tr\/wp-json\/wp\/v2\/types\/product"}],"replies":[{"embeddable":true,"href":"https:\/\/hexexist.com\/tr\/wp-json\/wp\/v2\/comments?post=14190"}],"wp:featuredmedia":[{"embeddable":true,"href":"https:\/\/hexexist.com\/tr\/wp-json\/wp\/v2\/media\/12994"}],"wp:attachment":[{"href":"https:\/\/hexexist.com\/tr\/wp-json\/wp\/v2\/media?parent=14190"}],"wp:term":[{"taxonomy":"product_brand","embeddable":true,"href":"https:\/\/hexexist.com\/tr\/wp-json\/wp\/v2\/product_brand?post=14190"},{"taxonomy":"product_cat","embeddable":true,"href":"https:\/\/hexexist.com\/tr\/wp-json\/wp\/v2\/product_cat?post=14190"},{"taxonomy":"product_tag","embeddable":true,"href":"https:\/\/hexexist.com\/tr\/wp-json\/wp\/v2\/product_tag?post=14190"}],"curies":[{"name":"wp","href":"https:\/\/api.w.org\/{rel}","templated":true}]}}