{"id":14191,"date":"2025-10-09T09:49:43","date_gmt":"2025-10-09T09:49:43","guid":{"rendered":"http:\/\/hexexist.com\/product\/kolay-guncellemeler-yoneticisi\/"},"modified":"2025-10-09T09:49:43","modified_gmt":"2025-10-09T09:49:43","slug":"kolay-guncellemeler-yoneticisi","status":"publish","type":"product","link":"https:\/\/hexexist.com\/tr\/urun\/kolay-guncellemeler-yoneticisi\/","title":{"rendered":"Kolay G\u00fcncellemeler Y\u00f6neticisi"},"content":{"rendered":"<p>Easy Updates Manager, hem tek site y\u00fcklemenizde hem de WordPress Multisite&#8217;da her t\u00fcrl\u00fc g\u00fcncellemeyi y\u00f6netmenizi sa\u011flayan hafif ama g\u00fc\u00e7l\u00fc bir eklentidir. Sonsuz yap\u0131land\u0131rma i\u00e7in \u00e7ok say\u0131da ayara sahip olan Easy Updates Manager, web sitesi g\u00fcncellemelerinin kontrol\u00fcn\u00fc ele almak isteyen herkes i\u00e7in bariz bir se\u00e7imdir. <\/p>\n","protected":false},"excerpt":{"rendered":"<p>Easy Updates Manager, hem tek site y\u00fcklemenizde hem de WordPress Multisite&#8217;da her t\u00fcrl\u00fc g\u00fcncellemeyi y\u00f6netmenizi sa\u011flayan hafif ama g\u00fc\u00e7l\u00fc bir eklentidir. Sonsuz yap\u0131land\u0131rma i\u00e7in \u00e7ok say\u0131da ayara sahip olan Easy Updates Manager, web sitesi g\u00fcncellemelerinin kontrol\u00fcn\u00fc ele almak isteyen herkes i\u00e7in bariz bir se\u00e7imdir.<\/p>\n","protected":false},"featured_media":12999,"comment_status":"open","ping_status":"closed","template":"","meta":[],"product_brand":[],"product_cat":[1413],"product_tag":[2590,2591,2588,2587,2589],"class_list":{"0":"post-14191","1":"product","2":"type-product","3":"status-publish","4":"has-post-thumbnail","6":"product_cat-eklentiler","7":"product_tag-guncelleme-kontrolu","8":"product_tag-guncellemeler-muduru","9":"product_tag-guncellemeler-yoneticisini-devre-disi-birak","10":"product_tag-guncellemeleri-devre-disi-birak","11":"product_tag-kolay-guncelleme-yoneticisi","13":"first","14":"instock","15":"downloadable","16":"virtual","17":"product-type-simple"},"_links":{"self":[{"href":"https:\/\/hexexist.com\/tr\/wp-json\/wp\/v2\/product\/14191","targetHints":{"allow":["GET"]}}],"collection":[{"href":"https:\/\/hexexist.com\/tr\/wp-json\/wp\/v2\/product"}],"about":[{"href":"https:\/\/hexexist.com\/tr\/wp-json\/wp\/v2\/types\/product"}],"replies":[{"embeddable":true,"href":"https:\/\/hexexist.com\/tr\/wp-json\/wp\/v2\/comments?post=14191"}],"wp:featuredmedia":[{"embeddable":true,"href":"https:\/\/hexexist.com\/tr\/wp-json\/wp\/v2\/media\/12999"}],"wp:attachment":[{"href":"https:\/\/hexexist.com\/tr\/wp-json\/wp\/v2\/media?parent=14191"}],"wp:term":[{"taxonomy":"product_brand","embeddable":true,"href":"https:\/\/hexexist.com\/tr\/wp-json\/wp\/v2\/product_brand?post=14191"},{"taxonomy":"product_cat","embeddable":true,"href":"https:\/\/hexexist.com\/tr\/wp-json\/wp\/v2\/product_cat?post=14191"},{"taxonomy":"product_tag","embeddable":true,"href":"https:\/\/hexexist.com\/tr\/wp-json\/wp\/v2\/product_tag?post=14191"}],"curies":[{"name":"wp","href":"https:\/\/api.w.org\/{rel}","templated":true}]}}