{"id":14192,"date":"2025-10-09T09:49:44","date_gmt":"2025-10-09T09:49:44","guid":{"rendered":"http:\/\/hexexist.com\/product\/blocksy-companion\/"},"modified":"2025-10-09T09:49:44","modified_gmt":"2025-10-09T09:49:44","slug":"blocksy-companion","status":"publish","type":"product","link":"https:\/\/hexexist.com\/tr\/urun\/blocksy-companion\/","title":{"rendered":"Blocksy Companion"},"content":{"rendered":"<p>Blocksy Companion, Blocksy WordPress temas\u0131n\u0131n g\u00fcc\u00fcn\u00fc art\u0131ran resmi eklentidir. H\u0131zl\u0131, modern ve tamamen \u00f6zelle\u015ftirilebilir web sitelerini kolayl\u0131kla olu\u015fturman\u0131za yard\u0131mc\u0131 olan ekstra \u00f6zelliklerin, premium entegrasyonlar\u0131n ve g\u00fczel tasarlanm\u0131\u015f ba\u015flang\u0131\u00e7 sitelerinin kilidini a\u00e7ar. <\/p>\n","protected":false},"excerpt":{"rendered":"<p>Blocksy Companion, Blocksy WordPress temas\u0131n\u0131n g\u00fcc\u00fcn\u00fc art\u0131ran resmi eklentidir. H\u0131zl\u0131, modern ve tamamen \u00f6zelle\u015ftirilebilir web sitelerini kolayl\u0131kla olu\u015fturman\u0131za yard\u0131mc\u0131 olan ekstra \u00f6zelliklerin, premium entegrasyonlar\u0131n ve g\u00fczel tasarlanm\u0131\u015f ba\u015flang\u0131\u00e7 sitelerinin kilidini a\u00e7ar.<\/p>\n","protected":false},"featured_media":13006,"comment_status":"open","ping_status":"closed","template":"","meta":[],"product_brand":[],"product_cat":[1413],"product_tag":[1427,2030],"class_list":{"0":"post-14192","1":"product","2":"type-product","3":"status-publish","4":"has-post-thumbnail","6":"product_cat-eklentiler","7":"product_tag-widget-tr","8":"product_tag-widgetlar","10":"first","11":"instock","12":"downloadable","13":"virtual","14":"product-type-simple"},"_links":{"self":[{"href":"https:\/\/hexexist.com\/tr\/wp-json\/wp\/v2\/product\/14192","targetHints":{"allow":["GET"]}}],"collection":[{"href":"https:\/\/hexexist.com\/tr\/wp-json\/wp\/v2\/product"}],"about":[{"href":"https:\/\/hexexist.com\/tr\/wp-json\/wp\/v2\/types\/product"}],"replies":[{"embeddable":true,"href":"https:\/\/hexexist.com\/tr\/wp-json\/wp\/v2\/comments?post=14192"}],"wp:featuredmedia":[{"embeddable":true,"href":"https:\/\/hexexist.com\/tr\/wp-json\/wp\/v2\/media\/13006"}],"wp:attachment":[{"href":"https:\/\/hexexist.com\/tr\/wp-json\/wp\/v2\/media?parent=14192"}],"wp:term":[{"taxonomy":"product_brand","embeddable":true,"href":"https:\/\/hexexist.com\/tr\/wp-json\/wp\/v2\/product_brand?post=14192"},{"taxonomy":"product_cat","embeddable":true,"href":"https:\/\/hexexist.com\/tr\/wp-json\/wp\/v2\/product_cat?post=14192"},{"taxonomy":"product_tag","embeddable":true,"href":"https:\/\/hexexist.com\/tr\/wp-json\/wp\/v2\/product_tag?post=14192"}],"curies":[{"name":"wp","href":"https:\/\/api.w.org\/{rel}","templated":true}]}}