{"id":14193,"date":"2025-10-09T09:49:43","date_gmt":"2025-10-09T09:49:43","guid":{"rendered":"http:\/\/hexexist.com\/product\/ally-web-erisilebilirligi-ve-kullanilabilirligi\/"},"modified":"2025-10-09T09:49:43","modified_gmt":"2025-10-09T09:49:43","slug":"ally-web-erisilebilirligi-ve-kullanilabilirligi","status":"publish","type":"product","link":"https:\/\/hexexist.com\/tr\/urun\/ally-web-erisilebilirligi-ve-kullanilabilirligi\/","title":{"rendered":"Ally Web Eri\u015filebilirli\u011fi ve Kullan\u0131labilirli\u011fi"},"content":{"rendered":"<p>Ally (eski ad\u0131yla One Click Accessibility), WordPress i\u00e7erik olu\u015fturucular\u0131n\u0131n kolayl\u0131kla daha eri\u015filebilir web siteleri olu\u015fturmas\u0131na yard\u0131mc\u0131 olan \u00fccretsiz, g\u00fc\u00e7l\u00fc ve kullan\u0131c\u0131 dostu bir eklentidir.<\/p>\n","protected":false},"excerpt":{"rendered":"<p>Ally (eski ad\u0131yla One Click Accessibility), WordPress i\u00e7erik olu\u015fturucular\u0131n\u0131n kolayl\u0131kla daha eri\u015filebilir web siteleri olu\u015fturmas\u0131na yard\u0131mc\u0131 olan \u00fccretsiz, g\u00fc\u00e7l\u00fc ve kullan\u0131c\u0131 dostu bir eklentidir.<\/p>\n","protected":false},"featured_media":12998,"comment_status":"open","ping_status":"closed","template":"","meta":[],"product_brand":[],"product_cat":[1413],"product_tag":[2592,1622,1623,2593],"class_list":{"0":"post-14193","1":"product","2":"type-product","3":"status-publish","4":"has-post-thumbnail","6":"product_cat-eklentiler","7":"product_tag-a11y-tr","8":"product_tag-erisilebilirlik","9":"product_tag-wcag-tr","10":"product_tag-web-erisilebilirligi","12":"first","13":"instock","14":"downloadable","15":"virtual","16":"product-type-simple"},"_links":{"self":[{"href":"https:\/\/hexexist.com\/tr\/wp-json\/wp\/v2\/product\/14193","targetHints":{"allow":["GET"]}}],"collection":[{"href":"https:\/\/hexexist.com\/tr\/wp-json\/wp\/v2\/product"}],"about":[{"href":"https:\/\/hexexist.com\/tr\/wp-json\/wp\/v2\/types\/product"}],"replies":[{"embeddable":true,"href":"https:\/\/hexexist.com\/tr\/wp-json\/wp\/v2\/comments?post=14193"}],"wp:featuredmedia":[{"embeddable":true,"href":"https:\/\/hexexist.com\/tr\/wp-json\/wp\/v2\/media\/12998"}],"wp:attachment":[{"href":"https:\/\/hexexist.com\/tr\/wp-json\/wp\/v2\/media?parent=14193"}],"wp:term":[{"taxonomy":"product_brand","embeddable":true,"href":"https:\/\/hexexist.com\/tr\/wp-json\/wp\/v2\/product_brand?post=14193"},{"taxonomy":"product_cat","embeddable":true,"href":"https:\/\/hexexist.com\/tr\/wp-json\/wp\/v2\/product_cat?post=14193"},{"taxonomy":"product_tag","embeddable":true,"href":"https:\/\/hexexist.com\/tr\/wp-json\/wp\/v2\/product_tag?post=14193"}],"curies":[{"name":"wp","href":"https:\/\/api.w.org\/{rel}","templated":true}]}}