{"id":14194,"date":"2025-10-09T09:49:44","date_gmt":"2025-10-09T09:49:44","guid":{"rendered":"http:\/\/hexexist.com\/product\/seopress-site-ici-seo\/"},"modified":"2025-10-09T09:49:44","modified_gmt":"2025-10-09T09:49:44","slug":"seopress-site-ici-seo","status":"publish","type":"product","link":"https:\/\/hexexist.com\/tr\/urun\/seopress-site-ici-seo\/","title":{"rendered":"SEOPress Site \u0130\u00e7i SEO"},"content":{"rendered":"<p>SEOPress, SEO&#8217;nuzu optimize etmek, trafi\u011finizi art\u0131rmak, sosyal payla\u015f\u0131m\u0131 geli\u015ftirmek, \u00f6zel HTML ve XML Site Haritalar\u0131 olu\u015fturmak, optimize edilmi\u015f ekmek k\u0131r\u0131nt\u0131lar\u0131 olu\u015fturmak, \u015femalar \/ Google Yap\u0131land\u0131r\u0131lm\u0131\u015f veri t\u00fcrleri eklemek, 301 y\u00f6nlendirmelerini y\u00f6netmek ve \u00e7ok daha fazlas\u0131 i\u00e7in g\u00fc\u00e7l\u00fc bir WordPress SEO eklentisidir.<\/p>\n","protected":false},"excerpt":{"rendered":"<p>SEOPress, SEO&#8217;nuzu optimize etmek, trafi\u011finizi art\u0131rmak, sosyal payla\u015f\u0131m\u0131 geli\u015ftirmek, \u00f6zel HTML ve XML Site Haritalar\u0131 olu\u015fturmak, optimize edilmi\u015f ekmek k\u0131r\u0131nt\u0131lar\u0131 olu\u015fturmak, \u015femalar \/ Google Yap\u0131land\u0131r\u0131lm\u0131\u015f veri t\u00fcrleri eklemek, 301 y\u00f6nlendirmelerini y\u00f6netmek ve \u00e7ok daha fazlas\u0131 i\u00e7in g\u00fc\u00e7l\u00fc bir WordPress SEO eklentisidir.<\/p>\n","protected":false},"featured_media":13005,"comment_status":"open","ping_status":"closed","template":"","meta":[],"product_brand":[],"product_cat":[1413],"product_tag":[2240,2171,1583,2242,1897],"class_list":{"0":"post-14194","1":"product","2":"type-product","3":"status-publish","4":"has-post-thumbnail","6":"product_cat-eklentiler","7":"product_tag-google-arama-konsolu","8":"product_tag-sema","9":"product_tag-seo-tr","10":"product_tag-xml-site-haritasi","11":"product_tag-yapay-zeka","13":"first","14":"instock","15":"downloadable","16":"virtual","17":"product-type-simple"},"_links":{"self":[{"href":"https:\/\/hexexist.com\/tr\/wp-json\/wp\/v2\/product\/14194","targetHints":{"allow":["GET"]}}],"collection":[{"href":"https:\/\/hexexist.com\/tr\/wp-json\/wp\/v2\/product"}],"about":[{"href":"https:\/\/hexexist.com\/tr\/wp-json\/wp\/v2\/types\/product"}],"replies":[{"embeddable":true,"href":"https:\/\/hexexist.com\/tr\/wp-json\/wp\/v2\/comments?post=14194"}],"wp:featuredmedia":[{"embeddable":true,"href":"https:\/\/hexexist.com\/tr\/wp-json\/wp\/v2\/media\/13005"}],"wp:attachment":[{"href":"https:\/\/hexexist.com\/tr\/wp-json\/wp\/v2\/media?parent=14194"}],"wp:term":[{"taxonomy":"product_brand","embeddable":true,"href":"https:\/\/hexexist.com\/tr\/wp-json\/wp\/v2\/product_brand?post=14194"},{"taxonomy":"product_cat","embeddable":true,"href":"https:\/\/hexexist.com\/tr\/wp-json\/wp\/v2\/product_cat?post=14194"},{"taxonomy":"product_tag","embeddable":true,"href":"https:\/\/hexexist.com\/tr\/wp-json\/wp\/v2\/product_tag?post=14194"}],"curies":[{"name":"wp","href":"https:\/\/api.w.org\/{rel}","templated":true}]}}