{"id":14195,"date":"2025-10-09T09:49:45","date_gmt":"2025-10-09T09:49:45","guid":{"rendered":"http:\/\/hexexist.com\/product\/wp-armour-honeypot-anti-spam\/"},"modified":"2025-10-09T09:49:45","modified_gmt":"2025-10-09T09:49:45","slug":"wp-armour-honeypot-anti-spam","status":"publish","type":"product","link":"https:\/\/hexexist.com\/tr\/urun\/wp-armour-honeypot-anti-spam\/","title":{"rendered":"WP Armour Honeypot Anti Spam"},"content":{"rendered":"<p>Bu eklentiler, bal k\u00fcp\u00fc anti spam tekni\u011fini kullanarak spam g\u00f6nderimleri engeller. Kullan\u0131c\u0131lar i\u00e7in Captcha veya ekstra do\u011frulama alan\u0131 zorlu\u011fu yoktur. Sadece spam botlar\u0131n anti spam filtremizi kullanarak ac\u0131 \u00e7ekmesine izin verir.  <\/p>\n","protected":false},"excerpt":{"rendered":"<p>Bu eklentiler, bal k\u00fcp\u00fc anti spam tekni\u011fini kullanarak spam g\u00f6nderimleri engeller. Kullan\u0131c\u0131lar i\u00e7in Captcha veya ekstra do\u011frulama alan\u0131 zorlu\u011fu yoktur. Sadece spam botlar\u0131n anti spam filtremizi kullanarak ac\u0131 \u00e7ekmesine izin verir.<\/p>\n","protected":false},"featured_media":13010,"comment_status":"open","ping_status":"closed","template":"","meta":[],"product_brand":[],"product_cat":[1413],"product_tag":[2594,1424,2596,2548,2595],"class_list":{"0":"post-14195","1":"product","2":"type-product","3":"status-publish","4":"has-post-thumbnail","6":"product_cat-eklentiler","7":"product_tag-akismet-tr","8":"product_tag-anti-spam-tr","9":"product_tag-iletisim-formu-spam","10":"product_tag-spam-korumasi","11":"product_tag-yorum-spam","13":"first","14":"instock","15":"downloadable","16":"virtual","17":"product-type-simple"},"_links":{"self":[{"href":"https:\/\/hexexist.com\/tr\/wp-json\/wp\/v2\/product\/14195","targetHints":{"allow":["GET"]}}],"collection":[{"href":"https:\/\/hexexist.com\/tr\/wp-json\/wp\/v2\/product"}],"about":[{"href":"https:\/\/hexexist.com\/tr\/wp-json\/wp\/v2\/types\/product"}],"replies":[{"embeddable":true,"href":"https:\/\/hexexist.com\/tr\/wp-json\/wp\/v2\/comments?post=14195"}],"wp:featuredmedia":[{"embeddable":true,"href":"https:\/\/hexexist.com\/tr\/wp-json\/wp\/v2\/media\/13010"}],"wp:attachment":[{"href":"https:\/\/hexexist.com\/tr\/wp-json\/wp\/v2\/media?parent=14195"}],"wp:term":[{"taxonomy":"product_brand","embeddable":true,"href":"https:\/\/hexexist.com\/tr\/wp-json\/wp\/v2\/product_brand?post=14195"},{"taxonomy":"product_cat","embeddable":true,"href":"https:\/\/hexexist.com\/tr\/wp-json\/wp\/v2\/product_cat?post=14195"},{"taxonomy":"product_tag","embeddable":true,"href":"https:\/\/hexexist.com\/tr\/wp-json\/wp\/v2\/product_tag?post=14195"}],"curies":[{"name":"wp","href":"https:\/\/api.w.org\/{rel}","templated":true}]}}