{"id":14196,"date":"2025-10-09T09:49:44","date_gmt":"2025-10-09T09:49:44","guid":{"rendered":"http:\/\/hexexist.com\/product\/wp-posta-gunlugu\/"},"modified":"2025-10-09T09:49:44","modified_gmt":"2025-10-09T09:49:44","slug":"wp-posta-gunlugu","status":"publish","type":"product","link":"https:\/\/hexexist.com\/tr\/urun\/wp-posta-gunlugu\/","title":{"rendered":"WP Posta G\u00fcnl\u00fc\u011f\u00fc"},"content":{"rendered":"<p>WP Mail Logging, WordPress sitenizden g\u00f6nderilen e-postalar\u0131 g\u00fcnl\u00fc\u011fe kaydetmek i\u00e7in kullan\u0131lan en pop\u00fcler eklentidir. Basit\u00e7e etkinle\u015ftirin ve hemen \u00e7al\u0131\u015facakt\u0131r, ekstra yap\u0131land\u0131rmaya gerek yoktur. <\/p>\n","protected":false},"excerpt":{"rendered":"<p>WP Mail Logging, WordPress sitenizden g\u00f6nderilen e-postalar\u0131 g\u00fcnl\u00fc\u011fe kaydetmek i\u00e7in kullan\u0131lan en pop\u00fcler eklentidir. Basit\u00e7e etkinle\u015ftirin ve hemen \u00e7al\u0131\u015facakt\u0131r, ekstra yap\u0131land\u0131rmaya gerek yoktur.<\/p>\n","protected":false},"featured_media":13004,"comment_status":"open","ping_status":"closed","template":"","meta":[],"product_brand":[],"product_cat":[1413],"product_tag":[1605,1606,1661,1541,2597],"class_list":{"0":"post-14196","1":"product","2":"type-product","3":"status-publish","4":"has-post-thumbnail","6":"product_cat-eklentiler","7":"product_tag-e-posta","8":"product_tag-e-posta-gunlugu","9":"product_tag-smtp-tr","10":"product_tag-spam-tr","11":"product_tag-teslim-edilebilirlik","13":"first","14":"instock","15":"downloadable","16":"virtual","17":"product-type-simple"},"_links":{"self":[{"href":"https:\/\/hexexist.com\/tr\/wp-json\/wp\/v2\/product\/14196","targetHints":{"allow":["GET"]}}],"collection":[{"href":"https:\/\/hexexist.com\/tr\/wp-json\/wp\/v2\/product"}],"about":[{"href":"https:\/\/hexexist.com\/tr\/wp-json\/wp\/v2\/types\/product"}],"replies":[{"embeddable":true,"href":"https:\/\/hexexist.com\/tr\/wp-json\/wp\/v2\/comments?post=14196"}],"wp:featuredmedia":[{"embeddable":true,"href":"https:\/\/hexexist.com\/tr\/wp-json\/wp\/v2\/media\/13004"}],"wp:attachment":[{"href":"https:\/\/hexexist.com\/tr\/wp-json\/wp\/v2\/media?parent=14196"}],"wp:term":[{"taxonomy":"product_brand","embeddable":true,"href":"https:\/\/hexexist.com\/tr\/wp-json\/wp\/v2\/product_brand?post=14196"},{"taxonomy":"product_cat","embeddable":true,"href":"https:\/\/hexexist.com\/tr\/wp-json\/wp\/v2\/product_cat?post=14196"},{"taxonomy":"product_tag","embeddable":true,"href":"https:\/\/hexexist.com\/tr\/wp-json\/wp\/v2\/product_tag?post=14196"}],"curies":[{"name":"wp","href":"https:\/\/api.w.org\/{rel}","templated":true}]}}