{"id":14197,"date":"2025-10-09T09:49:45","date_gmt":"2025-10-09T09:49:45","guid":{"rendered":"http:\/\/hexexist.com\/product\/bas-ayak-ve-sonrasi-enjeksiyonlar\/"},"modified":"2025-10-09T09:49:45","modified_gmt":"2025-10-09T09:49:45","slug":"bas-ayak-ve-sonrasi-enjeksiyonlar","status":"publish","type":"product","link":"https:\/\/hexexist.com\/tr\/urun\/bas-ayak-ve-sonrasi-enjeksiyonlar\/","title":{"rendered":"Ba\u015f, Ayak ve Sonras\u0131 Enjeksiyonlar"},"content":{"rendered":"<p>Google Analytics, Facebook Pixel, \u00f6zel izleme kodu, Google DFP kodu, Google Webmaster\/Alexa\/Bing\/Tradedoubler do\u011frulama kodu ve benzerlerini eklemek i\u00e7in neden 10 eklenti y\u00fcklemeniz gerekiyor?<\/p>\n","protected":false},"excerpt":{"rendered":"<p>Google Analytics, Facebook Pixel, \u00f6zel izleme kodu, Google DFP kodu, Google Webmaster\/Alexa\/Bing\/Tradedoubler do\u011frulama kodu ve benzerlerini eklemek i\u00e7in neden 10 eklenti y\u00fcklemeniz gerekiyor?<\/p>\n","protected":false},"featured_media":13009,"comment_status":"open","ping_status":"closed","template":"","meta":[],"product_brand":[],"product_cat":[1413],"product_tag":[1698,1503,1550,2380,1958],"class_list":{"0":"post-14197","1":"product","2":"type-product","3":"status-publish","4":"has-post-thumbnail","6":"product_cat-eklentiler","7":"product_tag-altbilgi","8":"product_tag-amp-tr","9":"product_tag-analitik","10":"product_tag-baslik-tr","11":"product_tag-reklamlar","13":"first","14":"instock","15":"downloadable","16":"virtual","17":"product-type-simple"},"_links":{"self":[{"href":"https:\/\/hexexist.com\/tr\/wp-json\/wp\/v2\/product\/14197","targetHints":{"allow":["GET"]}}],"collection":[{"href":"https:\/\/hexexist.com\/tr\/wp-json\/wp\/v2\/product"}],"about":[{"href":"https:\/\/hexexist.com\/tr\/wp-json\/wp\/v2\/types\/product"}],"replies":[{"embeddable":true,"href":"https:\/\/hexexist.com\/tr\/wp-json\/wp\/v2\/comments?post=14197"}],"wp:featuredmedia":[{"embeddable":true,"href":"https:\/\/hexexist.com\/tr\/wp-json\/wp\/v2\/media\/13009"}],"wp:attachment":[{"href":"https:\/\/hexexist.com\/tr\/wp-json\/wp\/v2\/media?parent=14197"}],"wp:term":[{"taxonomy":"product_brand","embeddable":true,"href":"https:\/\/hexexist.com\/tr\/wp-json\/wp\/v2\/product_brand?post=14197"},{"taxonomy":"product_cat","embeddable":true,"href":"https:\/\/hexexist.com\/tr\/wp-json\/wp\/v2\/product_cat?post=14197"},{"taxonomy":"product_tag","embeddable":true,"href":"https:\/\/hexexist.com\/tr\/wp-json\/wp\/v2\/product_tag?post=14197"}],"curies":[{"name":"wp","href":"https:\/\/api.w.org\/{rel}","templated":true}]}}