{"id":14198,"date":"2025-10-09T09:49:44","date_gmt":"2025-10-09T09:49:44","guid":{"rendered":"http:\/\/hexexist.com\/product\/wp-crontrol\/"},"modified":"2025-10-09T09:49:44","modified_gmt":"2025-10-09T09:49:44","slug":"wp-crontrol","status":"publish","type":"product","link":"https:\/\/hexexist.com\/tr\/urun\/wp-crontrol\/","title":{"rendered":"WP Crontrol"},"content":{"rendered":"<p>WP Crontrol, WordPress web sitenizdeki veya WooCommerce ma\u011fazan\u0131zdaki zamanlanm\u0131\u015f cron etkinliklerini kontrol etmenizi sa\u011flar. Y\u00f6netici ekranlar\u0131ndan \u015funlar\u0131 yapabilirsiniz: <\/p>\n","protected":false},"excerpt":{"rendered":"<p>WP Crontrol, WordPress web sitenizdeki veya WooCommerce ma\u011fazan\u0131zdaki zamanlanm\u0131\u015f cron etkinliklerini kontrol etmenizi sa\u011flar. Y\u00f6netici ekranlar\u0131ndan \u015funlar\u0131 yapabilirsiniz:<\/p>\n","protected":false},"featured_media":13003,"comment_status":"open","ping_status":"closed","template":"","meta":[],"product_brand":[],"product_cat":[1413],"product_tag":[2598,2599,2391,1459,2600],"class_list":{"0":"post-14198","1":"product","2":"type-product","3":"status-publish","4":"has-post-thumbnail","6":"product_cat-eklentiler","7":"product_tag-cron-tr","8":"product_tag-crontrol-tr","9":"product_tag-hata-ayiklama","10":"product_tag-woocommerce-tr","11":"product_tag-wp-cron-tr","13":"first","14":"instock","15":"downloadable","16":"virtual","17":"product-type-simple"},"_links":{"self":[{"href":"https:\/\/hexexist.com\/tr\/wp-json\/wp\/v2\/product\/14198","targetHints":{"allow":["GET"]}}],"collection":[{"href":"https:\/\/hexexist.com\/tr\/wp-json\/wp\/v2\/product"}],"about":[{"href":"https:\/\/hexexist.com\/tr\/wp-json\/wp\/v2\/types\/product"}],"replies":[{"embeddable":true,"href":"https:\/\/hexexist.com\/tr\/wp-json\/wp\/v2\/comments?post=14198"}],"wp:featuredmedia":[{"embeddable":true,"href":"https:\/\/hexexist.com\/tr\/wp-json\/wp\/v2\/media\/13003"}],"wp:attachment":[{"href":"https:\/\/hexexist.com\/tr\/wp-json\/wp\/v2\/media?parent=14198"}],"wp:term":[{"taxonomy":"product_brand","embeddable":true,"href":"https:\/\/hexexist.com\/tr\/wp-json\/wp\/v2\/product_brand?post=14198"},{"taxonomy":"product_cat","embeddable":true,"href":"https:\/\/hexexist.com\/tr\/wp-json\/wp\/v2\/product_cat?post=14198"},{"taxonomy":"product_tag","embeddable":true,"href":"https:\/\/hexexist.com\/tr\/wp-json\/wp\/v2\/product_tag?post=14198"}],"curies":[{"name":"wp","href":"https:\/\/api.w.org\/{rel}","templated":true}]}}