{"id":14199,"date":"2025-10-09T09:49:45","date_gmt":"2025-10-09T09:49:45","guid":{"rendered":"http:\/\/hexexist.com\/product\/gutenberg\/"},"modified":"2025-10-09T09:49:45","modified_gmt":"2025-10-09T09:49:45","slug":"gutenberg","status":"publish","type":"product","link":"https:\/\/hexexist.com\/tr\/urun\/gutenberg\/","title":{"rendered":"Gutenberg"},"content":{"rendered":"<p>  Gutenberg, Johannes Gutenberg&#8217;in bas\u0131l\u0131 kelimelerde yapt\u0131\u011f\u0131 gibi t\u00fcm yay\u0131nc\u0131l\u0131k deneyiminde devrim yaratmay\u0131 ama\u00e7layan, WordPress ile yaratmaya y\u00f6nelik yepyeni bir paradigman\u0131n kod ad\u0131d\u0131r. Proje, WordPress&#8217;in ana par\u00e7alar\u0131na dokunacak d\u00f6rt a\u015famal\u0131 bir s\u00fcreci takip ediyor ? D\u00fczenleme, \u00d6zelle\u015ftirme, \u0130\u015fbirli\u011fi ve \u00c7ok Dilli.   <\/p>\n","protected":false},"excerpt":{"rendered":"<p>Gutenberg, Johannes Gutenberg&#8217;in bas\u0131l\u0131 kelimelerde yapt\u0131\u011f\u0131 gibi t\u00fcm yay\u0131nc\u0131l\u0131k deneyiminde devrim yaratmay\u0131 ama\u00e7layan, WordPress ile yaratmaya y\u00f6nelik yepyeni bir paradigman\u0131n kod ad\u0131d\u0131r. Proje, WordPress&#8217;in ana par\u00e7alar\u0131na dokunacak d\u00f6rt a\u015famal\u0131 bir s\u00fcreci takip ediyor ? D\u00fczenleme, \u00d6zelle\u015ftirme, \u0130\u015fbirli\u011fi ve \u00c7ok Dilli.<\/p>\n","protected":false},"featured_media":13008,"comment_status":"open","ping_status":"closed","template":"","meta":[],"product_brand":[],"product_cat":[1413],"product_tag":[1771,1811],"class_list":{"0":"post-14199","1":"product","2":"type-product","3":"status-publish","4":"has-post-thumbnail","6":"product_cat-eklentiler","7":"product_tag-editor-tr","8":"product_tag-html-tr","10":"first","11":"instock","12":"downloadable","13":"virtual","14":"product-type-simple"},"_links":{"self":[{"href":"https:\/\/hexexist.com\/tr\/wp-json\/wp\/v2\/product\/14199","targetHints":{"allow":["GET"]}}],"collection":[{"href":"https:\/\/hexexist.com\/tr\/wp-json\/wp\/v2\/product"}],"about":[{"href":"https:\/\/hexexist.com\/tr\/wp-json\/wp\/v2\/types\/product"}],"replies":[{"embeddable":true,"href":"https:\/\/hexexist.com\/tr\/wp-json\/wp\/v2\/comments?post=14199"}],"wp:featuredmedia":[{"embeddable":true,"href":"https:\/\/hexexist.com\/tr\/wp-json\/wp\/v2\/media\/13008"}],"wp:attachment":[{"href":"https:\/\/hexexist.com\/tr\/wp-json\/wp\/v2\/media?parent=14199"}],"wp:term":[{"taxonomy":"product_brand","embeddable":true,"href":"https:\/\/hexexist.com\/tr\/wp-json\/wp\/v2\/product_brand?post=14199"},{"taxonomy":"product_cat","embeddable":true,"href":"https:\/\/hexexist.com\/tr\/wp-json\/wp\/v2\/product_cat?post=14199"},{"taxonomy":"product_tag","embeddable":true,"href":"https:\/\/hexexist.com\/tr\/wp-json\/wp\/v2\/product_tag?post=14199"}],"curies":[{"name":"wp","href":"https:\/\/api.w.org\/{rel}","templated":true}]}}