{"id":14200,"date":"2025-10-09T09:49:45","date_gmt":"2025-10-09T09:49:45","guid":{"rendered":"http:\/\/hexexist.com\/product\/google-icin-aninda-indeksleme\/"},"modified":"2025-10-09T09:49:45","modified_gmt":"2025-10-09T09:49:45","slug":"google-icin-aninda-indeksleme","status":"publish","type":"product","link":"https:\/\/hexexist.com\/tr\/urun\/google-icin-aninda-indeksleme\/","title":{"rendered":"Google i\u00e7in An\u0131nda \u0130ndeksleme"},"content":{"rendered":"<p>\u0130ster acemi bir blog yazar\u0131 ister deneyimli bir SEO uzman\u0131 olun, Google dizinine girmenin \u00f6nemini bilirsiniz. Bu, web sitenizin Google&#8217;dan veya ba\u015fka bir arama motorundan gelen herhangi bir organik trafi\u011fi g\u00f6rmesinden \u00f6nceki ilk ad\u0131md\u0131r. <\/p>\n<p>Sayfalar\u0131n\u0131z dizine eklenmezse, web siteniz Google ve aksi takdirde web sitenizi arama motorlar\u0131nda g\u00f6recek olan t\u00fcm ziyaret\u00e7iler i\u00e7in g\u00f6r\u00fcnmez olur.<\/p>\n<p>Bu nedenle, yeni i\u00e7eri\u011finizin h\u0131zl\u0131 bir \u015fekilde taranmas\u0131\/indekslenmesi olduk\u00e7a \u00f6nemlidir ve halihaz\u0131rda yay\u0131nlanm\u0131\u015f i\u00e7eri\u011finizin Google&#8217;da g\u00fcncellenmesi de ayn\u0131 derecede \u00f6nemlidir.<\/p>\n<p>Birini ya da di\u011ferini nas\u0131l yapars\u0131n\u0131z? Ya da ikisini birden yapmaya ne dersiniz? <\/p>\n","protected":false},"excerpt":{"rendered":"<p>\u0130ster acemi bir blog yazar\u0131 ister deneyimli bir SEO uzman\u0131 olun, Google dizinine girmenin \u00f6nemini bilirsiniz. Bu, web sitenizin Google&#8217;dan veya ba\u015fka bir arama motorundan gelen herhangi bir organik trafi\u011fi g\u00f6rmesinden \u00f6nceki ilk ad\u0131md\u0131r. Sayfalar\u0131n\u0131z dizine eklenmezse, web siteniz Google ve aksi takdirde web sitenizi arama motorlar\u0131nda g\u00f6recek olan t\u00fcm ziyaret\u00e7iler i\u00e7in g\u00f6r\u00fcnmez olur. Bu [&hellip;]<\/p>\n","protected":false},"featured_media":13007,"comment_status":"open","ping_status":"closed","template":"","meta":[],"product_brand":[],"product_cat":[1413],"product_tag":[2606,2601,2604,1871],"class_list":{"0":"post-14200","1":"product","2":"type-product","3":"status-publish","4":"has-post-thumbnail","6":"product_cat-eklentiler","7":"product_tag-canli-yayin","8":"product_tag-indeksleme-apisi","9":"product_tag-is-ilani","10":"product_tag-surunme","12":"first","13":"instock","14":"downloadable","15":"virtual","16":"product-type-simple"},"_links":{"self":[{"href":"https:\/\/hexexist.com\/tr\/wp-json\/wp\/v2\/product\/14200","targetHints":{"allow":["GET"]}}],"collection":[{"href":"https:\/\/hexexist.com\/tr\/wp-json\/wp\/v2\/product"}],"about":[{"href":"https:\/\/hexexist.com\/tr\/wp-json\/wp\/v2\/types\/product"}],"replies":[{"embeddable":true,"href":"https:\/\/hexexist.com\/tr\/wp-json\/wp\/v2\/comments?post=14200"}],"wp:featuredmedia":[{"embeddable":true,"href":"https:\/\/hexexist.com\/tr\/wp-json\/wp\/v2\/media\/13007"}],"wp:attachment":[{"href":"https:\/\/hexexist.com\/tr\/wp-json\/wp\/v2\/media?parent=14200"}],"wp:term":[{"taxonomy":"product_brand","embeddable":true,"href":"https:\/\/hexexist.com\/tr\/wp-json\/wp\/v2\/product_brand?post=14200"},{"taxonomy":"product_cat","embeddable":true,"href":"https:\/\/hexexist.com\/tr\/wp-json\/wp\/v2\/product_cat?post=14200"},{"taxonomy":"product_tag","embeddable":true,"href":"https:\/\/hexexist.com\/tr\/wp-json\/wp\/v2\/product_tag?post=14200"}],"curies":[{"name":"wp","href":"https:\/\/api.w.org\/{rel}","templated":true}]}}