{"id":14201,"date":"2025-10-09T09:49:44","date_gmt":"2025-10-09T09:49:44","guid":{"rendered":"http:\/\/hexexist.com\/product\/woocommerce-icin-pdf-faturalar-ve-paketleme-fisleri\/"},"modified":"2025-10-09T09:49:44","modified_gmt":"2025-10-09T09:49:44","slug":"woocommerce-icin-pdf-faturalar-ve-paketleme-fisleri","status":"publish","type":"product","link":"https:\/\/hexexist.com\/tr\/urun\/woocommerce-icin-pdf-faturalar-ve-paketleme-fisleri\/","title":{"rendered":"WooCommerce i\u00e7in PDF Faturalar ve Paketleme Fi\u015fleri"},"content":{"rendered":"<p>Bu WooCommerce uzant\u0131s\u0131, m\u00fc\u015fterilerinize g\u00f6nderilen sipari\u015f onay e-postalar\u0131na otomatik olarak bir PDF veya UBL faturas\u0131 ekler. Temel bir \u015fablonun (WP Overnight&#8217;tan ek \u015fablonlar mevcuttur) yan\u0131 s\u0131ra kendi \u015fablonlar\u0131n\u0131z\u0131 de\u011fi\u015ftirme \/ olu\u015fturma imkan\u0131 i\u00e7erir. Ek olarak, WooCommerce sipari\u015f y\u00f6neticisinden faturalar\u0131 ve paketleme fi\u015flerini indirmeyi veya yazd\u0131rmay\u0131 se\u00e7ebilirsiniz.  <\/p>\n","protected":false},"excerpt":{"rendered":"<p>Bu WooCommerce uzant\u0131s\u0131, m\u00fc\u015fterilerinize g\u00f6nderilen sipari\u015f onay e-postalar\u0131na otomatik olarak bir PDF veya UBL faturas\u0131 ekler. Temel bir \u015fablonun (WP Overnight&#8217;tan ek \u015fablonlar mevcuttur) yan\u0131 s\u0131ra kendi \u015fablonlar\u0131n\u0131z\u0131 de\u011fi\u015ftirme \/ olu\u015fturma imkan\u0131 i\u00e7erir. Ek olarak, WooCommerce sipari\u015f y\u00f6neticisinden faturalar\u0131 ve paketleme fi\u015flerini indirmeyi veya yazd\u0131rmay\u0131 se\u00e7ebilirsiniz.<\/p>\n","protected":false},"featured_media":13002,"comment_status":"open","ping_status":"closed","template":"","meta":[],"product_brand":[],"product_cat":[1413],"product_tag":[2602,2603,2605,2607,1459],"class_list":{"0":"post-14201","1":"product","2":"type-product","3":"status-publish","4":"has-post-thumbnail","6":"product_cat-eklentiler","7":"product_tag-faturalar","8":"product_tag-paketleme-fisleri","9":"product_tag-pdf-tr","10":"product_tag-ubl-tr","11":"product_tag-woocommerce-tr","13":"first","14":"instock","15":"downloadable","16":"virtual","17":"product-type-simple"},"_links":{"self":[{"href":"https:\/\/hexexist.com\/tr\/wp-json\/wp\/v2\/product\/14201","targetHints":{"allow":["GET"]}}],"collection":[{"href":"https:\/\/hexexist.com\/tr\/wp-json\/wp\/v2\/product"}],"about":[{"href":"https:\/\/hexexist.com\/tr\/wp-json\/wp\/v2\/types\/product"}],"replies":[{"embeddable":true,"href":"https:\/\/hexexist.com\/tr\/wp-json\/wp\/v2\/comments?post=14201"}],"wp:featuredmedia":[{"embeddable":true,"href":"https:\/\/hexexist.com\/tr\/wp-json\/wp\/v2\/media\/13002"}],"wp:attachment":[{"href":"https:\/\/hexexist.com\/tr\/wp-json\/wp\/v2\/media?parent=14201"}],"wp:term":[{"taxonomy":"product_brand","embeddable":true,"href":"https:\/\/hexexist.com\/tr\/wp-json\/wp\/v2\/product_brand?post=14201"},{"taxonomy":"product_cat","embeddable":true,"href":"https:\/\/hexexist.com\/tr\/wp-json\/wp\/v2\/product_cat?post=14201"},{"taxonomy":"product_tag","embeddable":true,"href":"https:\/\/hexexist.com\/tr\/wp-json\/wp\/v2\/product_tag?post=14201"}],"curies":[{"name":"wp","href":"https:\/\/api.w.org\/{rel}","templated":true}]}}