{"id":14202,"date":"2025-10-09T09:49:46","date_gmt":"2025-10-09T09:49:46","guid":{"rendered":"http:\/\/hexexist.com\/product\/shortpixel-image-optimizer-goruntuleri-optimize-edin-webp-ve-avif-donusturun\/"},"modified":"2025-10-09T09:49:46","modified_gmt":"2025-10-09T09:49:46","slug":"shortpixel-image-optimizer-goruntuleri-optimize-edin-webp-ve-avif-donusturun","status":"publish","type":"product","link":"https:\/\/hexexist.com\/tr\/urun\/shortpixel-image-optimizer-goruntuleri-optimize-edin-webp-ve-avif-donusturun\/","title":{"rendered":"ShortPixel Image Optimizer G\u00f6r\u00fcnt\u00fcleri Optimize Edin, WebP ve AVIF D\u00f6n\u00fc\u015ft\u00fcr\u00fcn"},"content":{"rendered":"<p>\u26a1 Sitenizin h\u0131z\u0131n\u0131 an\u0131nda art\u0131r\u0131n! Tek bir t\u0131klamayla g\u00f6r\u00fcnt\u00fcleri ve PDF&#8217;leri optimize edin, WebP ve AVIF&#8217;e toplu s\u0131k\u0131\u015ft\u0131r\u0131n, tembel y\u00fcklemeyi kullan\u0131n ve g\u00f6r\u00fcnt\u00fcleri yeniden boyutland\u0131r\u0131n. <\/p>\n","protected":false},"excerpt":{"rendered":"<p>\u26a1 Sitenizin h\u0131z\u0131n\u0131 an\u0131nda art\u0131r\u0131n! Tek bir t\u0131klamayla g\u00f6r\u00fcnt\u00fcleri ve PDF&#8217;leri optimize edin, WebP ve AVIF&#8217;e toplu s\u0131k\u0131\u015ft\u0131r\u0131n, tembel y\u00fcklemeyi kullan\u0131n ve g\u00f6r\u00fcnt\u00fcleri yeniden boyutland\u0131r\u0131n.<\/p>\n","protected":false},"featured_media":13017,"comment_status":"open","ping_status":"closed","template":"","meta":[],"product_brand":[],"product_cat":[1413],"product_tag":[2176,2406,2078,2405,1736],"class_list":{"0":"post-14202","1":"product","2":"type-product","3":"status-publish","4":"has-post-thumbnail","6":"product_cat-eklentiler","7":"product_tag-goruntu-optimizasyonu","8":"product_tag-goruntuleri-optimize-edin","9":"product_tag-goruntuleri-sikistir","10":"product_tag-webp-donusturmek","11":"product_tag-yeniden-boyutlandir","13":"first","14":"instock","15":"downloadable","16":"virtual","17":"product-type-simple"},"_links":{"self":[{"href":"https:\/\/hexexist.com\/tr\/wp-json\/wp\/v2\/product\/14202","targetHints":{"allow":["GET"]}}],"collection":[{"href":"https:\/\/hexexist.com\/tr\/wp-json\/wp\/v2\/product"}],"about":[{"href":"https:\/\/hexexist.com\/tr\/wp-json\/wp\/v2\/types\/product"}],"replies":[{"embeddable":true,"href":"https:\/\/hexexist.com\/tr\/wp-json\/wp\/v2\/comments?post=14202"}],"wp:featuredmedia":[{"embeddable":true,"href":"https:\/\/hexexist.com\/tr\/wp-json\/wp\/v2\/media\/13017"}],"wp:attachment":[{"href":"https:\/\/hexexist.com\/tr\/wp-json\/wp\/v2\/media?parent=14202"}],"wp:term":[{"taxonomy":"product_brand","embeddable":true,"href":"https:\/\/hexexist.com\/tr\/wp-json\/wp\/v2\/product_brand?post=14202"},{"taxonomy":"product_cat","embeddable":true,"href":"https:\/\/hexexist.com\/tr\/wp-json\/wp\/v2\/product_cat?post=14202"},{"taxonomy":"product_tag","embeddable":true,"href":"https:\/\/hexexist.com\/tr\/wp-json\/wp\/v2\/product_tag?post=14202"}],"curies":[{"name":"wp","href":"https:\/\/api.w.org\/{rel}","templated":true}]}}