{"id":14203,"date":"2025-10-09T09:49:44","date_gmt":"2025-10-09T09:49:44","guid":{"rendered":"http:\/\/hexexist.com\/product\/woocommerce-icin-varyasyon-renk-ornekleri\/"},"modified":"2025-10-09T09:49:44","modified_gmt":"2025-10-09T09:49:44","slug":"woocommerce-icin-varyasyon-renk-ornekleri","status":"publish","type":"product","link":"https:\/\/hexexist.com\/tr\/urun\/woocommerce-icin-varyasyon-renk-ornekleri\/","title":{"rendered":"WooCommerce i\u00e7in Varyasyon Renk \u00d6rnekleri"},"content":{"rendered":"<p>WooCommerce \u00dcr\u00fcn \u00d6zellikleri \u0130\u00e7in G\u00fczel Renk, G\u00f6r\u00fcnt\u00fc ve D\u00fc\u011fme Varyasyon \u00d6rnekleri<\/p>\n","protected":false},"excerpt":{"rendered":"<p>WooCommerce \u00dcr\u00fcn \u00d6zellikleri \u0130\u00e7in G\u00fczel Renk, G\u00f6r\u00fcnt\u00fc ve D\u00fc\u011fme Varyasyon \u00d6rnekleri<\/p>\n","protected":false},"featured_media":13001,"comment_status":"open","ping_status":"closed","template":"","meta":[],"product_brand":[],"product_cat":[1413],"product_tag":[2608,1459,2609,2366,2610],"class_list":{"0":"post-14203","1":"product","2":"type-product","3":"status-publish","4":"has-post-thumbnail","6":"product_cat-eklentiler","7":"product_tag-varyasyon-renk-ornekleri","8":"product_tag-woocommerce-tr","9":"product_tag-woocommerce-oznitelikleri","10":"product_tag-woocommerce-varyasyon-renk-ornekleri","11":"product_tag-woocommerce-varyasyonu","13":"first","14":"instock","15":"downloadable","16":"virtual","17":"product-type-simple"},"_links":{"self":[{"href":"https:\/\/hexexist.com\/tr\/wp-json\/wp\/v2\/product\/14203","targetHints":{"allow":["GET"]}}],"collection":[{"href":"https:\/\/hexexist.com\/tr\/wp-json\/wp\/v2\/product"}],"about":[{"href":"https:\/\/hexexist.com\/tr\/wp-json\/wp\/v2\/types\/product"}],"replies":[{"embeddable":true,"href":"https:\/\/hexexist.com\/tr\/wp-json\/wp\/v2\/comments?post=14203"}],"wp:featuredmedia":[{"embeddable":true,"href":"https:\/\/hexexist.com\/tr\/wp-json\/wp\/v2\/media\/13001"}],"wp:attachment":[{"href":"https:\/\/hexexist.com\/tr\/wp-json\/wp\/v2\/media?parent=14203"}],"wp:term":[{"taxonomy":"product_brand","embeddable":true,"href":"https:\/\/hexexist.com\/tr\/wp-json\/wp\/v2\/product_brand?post=14203"},{"taxonomy":"product_cat","embeddable":true,"href":"https:\/\/hexexist.com\/tr\/wp-json\/wp\/v2\/product_cat?post=14203"},{"taxonomy":"product_tag","embeddable":true,"href":"https:\/\/hexexist.com\/tr\/wp-json\/wp\/v2\/product_tag?post=14203"}],"curies":[{"name":"wp","href":"https:\/\/api.w.org\/{rel}","templated":true}]}}