{"id":14204,"date":"2025-10-09T09:49:46","date_gmt":"2025-10-09T09:49:46","guid":{"rendered":"http:\/\/hexexist.com\/product\/woocommerce-icin-mailchimp\/"},"modified":"2025-10-09T09:49:46","modified_gmt":"2025-10-09T09:49:46","slug":"woocommerce-icin-mailchimp","status":"publish","type":"product","link":"https:\/\/hexexist.com\/tr\/urun\/woocommerce-icin-mailchimp\/","title":{"rendered":"WooCommerce i\u00e7in Mailchimp"},"content":{"rendered":"<p>E-ticaret pazarlama stratejilerini geli\u015ftirmek i\u00e7in d\u00fcnyan\u0131n en b\u00fcy\u00fck pazarlama otomasyon platformu olan Mailchimp&#8217;i kullanan 17 milyon m\u00fc\u015fteriye kat\u0131l\u0131n. Resmi Mailchimp for WooCommerce entegrasyonu ile m\u00fc\u015fterileriniz ve sat\u0131n alma verileri Mailchimp hesab\u0131n\u0131zla otomatik olarak senkronize edilir, b\u00f6ylece hedefli kampanyalar g\u00f6ndermek, sat\u0131n alma sonras\u0131 m\u00fc\u015fterileri otomatik olarak takip etmek, \u00fcr\u00fcn \u00f6nermek, terk edilmi\u015f al\u0131\u015fveri\u015f sepetlerini kurtarmak ve pazarlama \u00e7abalar\u0131n\u0131z\u0131n yat\u0131r\u0131m getirisini \u00f6l\u00e7mek kolayla\u015f\u0131r. Ve tamamen \u00fccretsizdir.  <\/p>\n","protected":false},"excerpt":{"rendered":"<p>E-ticaret pazarlama stratejilerini geli\u015ftirmek i\u00e7in d\u00fcnyan\u0131n en b\u00fcy\u00fck pazarlama otomasyon platformu olan Mailchimp&#8217;i kullanan 17 milyon m\u00fc\u015fteriye kat\u0131l\u0131n. Resmi Mailchimp for WooCommerce entegrasyonu ile m\u00fc\u015fterileriniz ve sat\u0131n alma verileri Mailchimp hesab\u0131n\u0131zla otomatik olarak senkronize edilir, b\u00f6ylece hedefli kampanyalar g\u00f6ndermek, sat\u0131n alma sonras\u0131 m\u00fc\u015fterileri otomatik olarak takip etmek, \u00fcr\u00fcn \u00f6nermek, terk edilmi\u015f al\u0131\u015fveri\u015f sepetlerini kurtarmak ve [&hellip;]<\/p>\n","protected":false},"featured_media":13011,"comment_status":"open","ping_status":"closed","template":"","meta":[],"product_brand":[],"product_cat":[1413],"product_tag":[1605,1504,1888,2612],"class_list":{"0":"post-14204","1":"product","2":"type-product","3":"status-publish","4":"has-post-thumbnail","6":"product_cat-eklentiler","7":"product_tag-e-posta","8":"product_tag-e-ticaret","9":"product_tag-is-akislari","10":"product_tag-mailchimp-tr","12":"first","13":"instock","14":"downloadable","15":"virtual","16":"product-type-simple"},"_links":{"self":[{"href":"https:\/\/hexexist.com\/tr\/wp-json\/wp\/v2\/product\/14204","targetHints":{"allow":["GET"]}}],"collection":[{"href":"https:\/\/hexexist.com\/tr\/wp-json\/wp\/v2\/product"}],"about":[{"href":"https:\/\/hexexist.com\/tr\/wp-json\/wp\/v2\/types\/product"}],"replies":[{"embeddable":true,"href":"https:\/\/hexexist.com\/tr\/wp-json\/wp\/v2\/comments?post=14204"}],"wp:featuredmedia":[{"embeddable":true,"href":"https:\/\/hexexist.com\/tr\/wp-json\/wp\/v2\/media\/13011"}],"wp:attachment":[{"href":"https:\/\/hexexist.com\/tr\/wp-json\/wp\/v2\/media?parent=14204"}],"wp:term":[{"taxonomy":"product_brand","embeddable":true,"href":"https:\/\/hexexist.com\/tr\/wp-json\/wp\/v2\/product_brand?post=14204"},{"taxonomy":"product_cat","embeddable":true,"href":"https:\/\/hexexist.com\/tr\/wp-json\/wp\/v2\/product_cat?post=14204"},{"taxonomy":"product_tag","embeddable":true,"href":"https:\/\/hexexist.com\/tr\/wp-json\/wp\/v2\/product_tag?post=14204"}],"curies":[{"name":"wp","href":"https:\/\/api.w.org\/{rel}","templated":true}]}}