{"id":14205,"date":"2025-10-09T09:49:46","date_gmt":"2025-10-09T09:49:46","guid":{"rendered":"http:\/\/hexexist.com\/product\/prettylinks-satis-ortakligi-baglantilari-baglanti-markalama-baglanti-izleme-pazarlama-ve-stripe-odemeleri-eklentisi\/"},"modified":"2025-10-09T09:49:46","modified_gmt":"2025-10-09T09:49:46","slug":"prettylinks-satis-ortakligi-baglantilari-baglanti-markalama-baglanti-izleme-pazarlama-ve-stripe-odemeleri-eklentisi","status":"publish","type":"product","link":"https:\/\/hexexist.com\/tr\/urun\/prettylinks-satis-ortakligi-baglantilari-baglanti-markalama-baglanti-izleme-pazarlama-ve-stripe-odemeleri-eklentisi\/","title":{"rendered":"PrettyLinks Sat\u0131\u015f Ortakl\u0131\u011f\u0131 Ba\u011flant\u0131lar\u0131, Ba\u011flant\u0131 Markalama, Ba\u011flant\u0131 \u0130zleme, Pazarlama ve Stripe \u00d6demeleri Eklentisi"},"content":{"rendered":"<p>PrettyLinks, WordPress web sitenizdeki veya d\u0131\u015f\u0131ndaki herhangi bir URL&#8217;yi k\u00fc\u00e7\u00fcltmenize, g\u00fczelle\u015ftirmenize, izlemenize, y\u00f6netmenize ve payla\u015fman\u0131za yard\u0131mc\u0131 olur. Kendi alan ad\u0131n\u0131z\u0131 kullanarak istedi\u011finiz gibi g\u00f6r\u00fcnen ba\u011flant\u0131lar olu\u015fturun! <\/p>\n","protected":false},"excerpt":{"rendered":"<p>PrettyLinks, WordPress web sitenizdeki veya d\u0131\u015f\u0131ndaki herhangi bir URL&#8217;yi k\u00fc\u00e7\u00fcltmenize, g\u00fczelle\u015ftirmenize, izlemenize, y\u00f6netmenize ve payla\u015fman\u0131za yard\u0131mc\u0131 olur. Kendi alan ad\u0131n\u0131z\u0131 kullanarak istedi\u011finiz gibi g\u00f6r\u00fcnen ba\u011flant\u0131lar olu\u015fturun!<\/p>\n","protected":false},"featured_media":13016,"comment_status":"open","ping_status":"closed","template":"","meta":[],"product_brand":[],"product_cat":[1413],"product_tag":[2613,2611,1504,1461,1865],"class_list":{"0":"post-14205","1":"product","2":"type-product","3":"status-publish","4":"has-post-thumbnail","6":"product_cat-eklentiler","7":"product_tag-baglanti-izleme","8":"product_tag-bagli-kurulus-baglantilari","9":"product_tag-e-ticaret","10":"product_tag-odemeler","11":"product_tag-serit","13":"first","14":"instock","15":"downloadable","16":"virtual","17":"product-type-simple"},"_links":{"self":[{"href":"https:\/\/hexexist.com\/tr\/wp-json\/wp\/v2\/product\/14205","targetHints":{"allow":["GET"]}}],"collection":[{"href":"https:\/\/hexexist.com\/tr\/wp-json\/wp\/v2\/product"}],"about":[{"href":"https:\/\/hexexist.com\/tr\/wp-json\/wp\/v2\/types\/product"}],"replies":[{"embeddable":true,"href":"https:\/\/hexexist.com\/tr\/wp-json\/wp\/v2\/comments?post=14205"}],"wp:featuredmedia":[{"embeddable":true,"href":"https:\/\/hexexist.com\/tr\/wp-json\/wp\/v2\/media\/13016"}],"wp:attachment":[{"href":"https:\/\/hexexist.com\/tr\/wp-json\/wp\/v2\/media?parent=14205"}],"wp:term":[{"taxonomy":"product_brand","embeddable":true,"href":"https:\/\/hexexist.com\/tr\/wp-json\/wp\/v2\/product_brand?post=14205"},{"taxonomy":"product_cat","embeddable":true,"href":"https:\/\/hexexist.com\/tr\/wp-json\/wp\/v2\/product_cat?post=14205"},{"taxonomy":"product_tag","embeddable":true,"href":"https:\/\/hexexist.com\/tr\/wp-json\/wp\/v2\/product_tag?post=14205"}],"curies":[{"name":"wp","href":"https:\/\/api.w.org\/{rel}","templated":true}]}}