{"id":14206,"date":"2025-10-09T09:49:46","date_gmt":"2025-10-09T09:49:46","guid":{"rendered":"http:\/\/hexexist.com\/product\/pdf-yerlestirici\/"},"modified":"2025-10-09T09:49:46","modified_gmt":"2025-10-09T09:49:46","slug":"pdf-yerlestirici","status":"publish","type":"product","link":"https:\/\/hexexist.com\/tr\/urun\/pdf-yerlestirici\/","title":{"rendered":"PDF Yerle\u015ftirici"},"content":{"rendered":"<p>PDF dosyalar\u0131n\u0131 y\u00fckleyin ve do\u011frudan sitenizin yaz\u0131lar\u0131na ve sayfalar\u0131na yerle\u015ftirin. Resim eklemek kadar basit \u00e7al\u0131\u015f\u0131r! PDF dosyalar\u0131n\u0131z otomatik olarak do\u011fal boyutlar\u0131na ve \u015fekillerine g\u00f6re boyutland\u0131r\u0131lacakt\u0131r. Ayr\u0131ca bir geni\u015flik belirtebilirsiniz ve do\u011fru y\u00fckseklik otomatik olarak hesaplanacakt\u0131r. PDF Embedder eklentimiz tamamen duyarl\u0131d\u0131r, bu nedenle g\u00f6m\u00fcl\u00fc PDF de herhangi bir cihazda m\u00fckemmel g\u00f6r\u00fcnecektir. Ek olarak, taray\u0131c\u0131 boyutlar\u0131 de\u011fi\u015fti\u011finde pdf g\u00f6m\u00fcc\u00fc otomatik olarak yeniden boyutland\u0131r\u0131lacakt\u0131r.     <\/p>\n","protected":false},"excerpt":{"rendered":"<p>PDF dosyalar\u0131n\u0131 y\u00fckleyin ve do\u011frudan sitenizin yaz\u0131lar\u0131na ve sayfalar\u0131na yerle\u015ftirin. Resim eklemek kadar basit \u00e7al\u0131\u015f\u0131r! PDF dosyalar\u0131n\u0131z otomatik olarak do\u011fal boyutlar\u0131na ve \u015fekillerine g\u00f6re boyutland\u0131r\u0131lacakt\u0131r. Ayr\u0131ca bir geni\u015flik belirtebilirsiniz ve do\u011fru y\u00fckseklik otomatik olarak hesaplanacakt\u0131r. PDF Embedder eklentimiz tamamen duyarl\u0131d\u0131r, bu nedenle g\u00f6m\u00fcl\u00fc PDF de herhangi bir cihazda m\u00fckemmel g\u00f6r\u00fcnecektir. Ek olarak, taray\u0131c\u0131 boyutlar\u0131 de\u011fi\u015fti\u011finde [&hellip;]<\/p>\n","protected":false},"featured_media":13015,"comment_status":"open","ping_status":"closed","template":"","meta":[],"product_brand":[],"product_cat":[1413],"product_tag":[1773,2605,1676,1801],"class_list":{"0":"post-14206","1":"product","2":"type-product","3":"status-publish","4":"has-post-thumbnail","6":"product_cat-eklentiler","7":"product_tag-block-tr","8":"product_tag-pdf-tr","9":"product_tag-pdf-goruntuleyici","10":"product_tag-pdf-yerlestir","12":"first","13":"instock","14":"downloadable","15":"virtual","16":"product-type-simple"},"_links":{"self":[{"href":"https:\/\/hexexist.com\/tr\/wp-json\/wp\/v2\/product\/14206","targetHints":{"allow":["GET"]}}],"collection":[{"href":"https:\/\/hexexist.com\/tr\/wp-json\/wp\/v2\/product"}],"about":[{"href":"https:\/\/hexexist.com\/tr\/wp-json\/wp\/v2\/types\/product"}],"replies":[{"embeddable":true,"href":"https:\/\/hexexist.com\/tr\/wp-json\/wp\/v2\/comments?post=14206"}],"wp:featuredmedia":[{"embeddable":true,"href":"https:\/\/hexexist.com\/tr\/wp-json\/wp\/v2\/media\/13015"}],"wp:attachment":[{"href":"https:\/\/hexexist.com\/tr\/wp-json\/wp\/v2\/media?parent=14206"}],"wp:term":[{"taxonomy":"product_brand","embeddable":true,"href":"https:\/\/hexexist.com\/tr\/wp-json\/wp\/v2\/product_brand?post=14206"},{"taxonomy":"product_cat","embeddable":true,"href":"https:\/\/hexexist.com\/tr\/wp-json\/wp\/v2\/product_cat?post=14206"},{"taxonomy":"product_tag","embeddable":true,"href":"https:\/\/hexexist.com\/tr\/wp-json\/wp\/v2\/product_tag?post=14206"}],"curies":[{"name":"wp","href":"https:\/\/api.w.org\/{rel}","templated":true}]}}