{"id":14207,"date":"2025-10-09T09:49:47","date_gmt":"2025-10-09T09:49:47","guid":{"rendered":"http:\/\/hexexist.com\/product\/ustbilgi-ve-altbilgi-ekleme\/"},"modified":"2025-10-09T09:49:47","modified_gmt":"2025-10-09T09:49:47","slug":"ustbilgi-ve-altbilgi-ekleme","status":"publish","type":"product","link":"https:\/\/hexexist.com\/tr\/urun\/ustbilgi-ve-altbilgi-ekleme\/","title":{"rendered":"\u00dcstbilgi ve Altbilgi Ekleme"},"content":{"rendered":"<p>WP Headers and Footers eklentisi, WordPress web sitenizin \u00fcstbilgi ve altbilgi b\u00f6l\u00fcm\u00fcne Google Analytics izleme kodu, Facebook Pixels kodu, A\/B testi i\u00e7in Google Optimize kodu, \u00d6zel CSS kodu ve daha fazlas\u0131 gibi kodlar eklemenize yard\u0131mc\u0131 olur. Kod eklemek i\u00e7in tema dosyalar\u0131n\u0131 d\u00fczenlemenize gerek yoktur. <\/p>\n","protected":false},"excerpt":{"rendered":"<p>WP Headers and Footers eklentisi, WordPress web sitenizin \u00fcstbilgi ve altbilgi b\u00f6l\u00fcm\u00fcne Google Analytics izleme kodu, Facebook Pixels kodu, A\/B testi i\u00e7in Google Optimize kodu, \u00d6zel CSS kodu ve daha fazlas\u0131 gibi kodlar eklemenize yard\u0131mc\u0131 olur. Kod eklemek i\u00e7in tema dosyalar\u0131n\u0131 d\u00fczenlemenize gerek yoktur.<\/p>\n","protected":false},"featured_media":13024,"comment_status":"open","ping_status":"closed","template":"","meta":[],"product_brand":[],"product_cat":[1413],"product_tag":[1698,2380,2614,1980,1523],"class_list":{"0":"post-14207","1":"product","2":"type-product","3":"status-publish","4":"has-post-thumbnail","6":"product_cat-eklentiler","7":"product_tag-altbilgi","8":"product_tag-baslik-tr","9":"product_tag-facebook-pikseli","10":"product_tag-google-analitik","11":"product_tag-ozel-css","13":"first","14":"instock","15":"downloadable","16":"virtual","17":"product-type-simple"},"_links":{"self":[{"href":"https:\/\/hexexist.com\/tr\/wp-json\/wp\/v2\/product\/14207","targetHints":{"allow":["GET"]}}],"collection":[{"href":"https:\/\/hexexist.com\/tr\/wp-json\/wp\/v2\/product"}],"about":[{"href":"https:\/\/hexexist.com\/tr\/wp-json\/wp\/v2\/types\/product"}],"replies":[{"embeddable":true,"href":"https:\/\/hexexist.com\/tr\/wp-json\/wp\/v2\/comments?post=14207"}],"wp:featuredmedia":[{"embeddable":true,"href":"https:\/\/hexexist.com\/tr\/wp-json\/wp\/v2\/media\/13024"}],"wp:attachment":[{"href":"https:\/\/hexexist.com\/tr\/wp-json\/wp\/v2\/media?parent=14207"}],"wp:term":[{"taxonomy":"product_brand","embeddable":true,"href":"https:\/\/hexexist.com\/tr\/wp-json\/wp\/v2\/product_brand?post=14207"},{"taxonomy":"product_cat","embeddable":true,"href":"https:\/\/hexexist.com\/tr\/wp-json\/wp\/v2\/product_cat?post=14207"},{"taxonomy":"product_tag","embeddable":true,"href":"https:\/\/hexexist.com\/tr\/wp-json\/wp\/v2\/product_tag?post=14207"}],"curies":[{"name":"wp","href":"https:\/\/api.w.org\/{rel}","templated":true}]}}