{"id":14208,"date":"2025-10-09T09:49:46","date_gmt":"2025-10-09T09:49:46","guid":{"rendered":"http:\/\/hexexist.com\/product\/parola-korumali-mi-tum-siteyi-sayfalari-yazilari-kategorileri-ve-kismi-icerigi-kilitleyin\/"},"modified":"2025-10-09T09:49:46","modified_gmt":"2025-10-09T09:49:46","slug":"parola-korumali-mi-tum-siteyi-sayfalari-yazilari-kategorileri-ve-kismi-icerigi-kilitleyin","status":"publish","type":"product","link":"https:\/\/hexexist.com\/tr\/urun\/parola-korumali-mi-tum-siteyi-sayfalari-yazilari-kategorileri-ve-kismi-icerigi-kilitleyin\/","title":{"rendered":"Parola Korumal\u0131 m\u0131? T\u00fcm Siteyi, Sayfalar\u0131, Yaz\u0131lar\u0131, Kategorileri ve K\u0131smi \u0130\u00e7eri\u011fi Kilitleyin"},"content":{"rendered":"<p>\ud83d\udc51 Get Pro | Canl\u0131 Demo | Dok\u00fcmantasyon | Destek<\/p>\n","protected":false},"excerpt":{"rendered":"<p>\ud83d\udc51 Get Pro | Canl\u0131 Demo | Dok\u00fcmantasyon | Destek<\/p>\n","protected":false},"featured_media":13014,"comment_status":"open","ping_status":"closed","template":"","meta":[],"product_brand":[],"product_cat":[1413],"product_tag":[1857,2617,2615,1508],"class_list":{"0":"post-14208","1":"product","2":"type-product","3":"status-publish","4":"has-post-thumbnail","6":"product_cat-eklentiler","7":"product_tag-bakim-modu","8":"product_tag-icerigi-kisitla","9":"product_tag-parola-korumasi-tr","10":"product_tag-parola-korumasi","12":"first","13":"instock","14":"downloadable","15":"virtual","16":"product-type-simple"},"_links":{"self":[{"href":"https:\/\/hexexist.com\/tr\/wp-json\/wp\/v2\/product\/14208","targetHints":{"allow":["GET"]}}],"collection":[{"href":"https:\/\/hexexist.com\/tr\/wp-json\/wp\/v2\/product"}],"about":[{"href":"https:\/\/hexexist.com\/tr\/wp-json\/wp\/v2\/types\/product"}],"replies":[{"embeddable":true,"href":"https:\/\/hexexist.com\/tr\/wp-json\/wp\/v2\/comments?post=14208"}],"wp:featuredmedia":[{"embeddable":true,"href":"https:\/\/hexexist.com\/tr\/wp-json\/wp\/v2\/media\/13014"}],"wp:attachment":[{"href":"https:\/\/hexexist.com\/tr\/wp-json\/wp\/v2\/media?parent=14208"}],"wp:term":[{"taxonomy":"product_brand","embeddable":true,"href":"https:\/\/hexexist.com\/tr\/wp-json\/wp\/v2\/product_brand?post=14208"},{"taxonomy":"product_cat","embeddable":true,"href":"https:\/\/hexexist.com\/tr\/wp-json\/wp\/v2\/product_cat?post=14208"},{"taxonomy":"product_tag","embeddable":true,"href":"https:\/\/hexexist.com\/tr\/wp-json\/wp\/v2\/product_tag?post=14208"}],"curies":[{"name":"wp","href":"https:\/\/api.w.org\/{rel}","templated":true}]}}