{"id":14209,"date":"2025-10-09T09:49:47","date_gmt":"2025-10-09T09:49:47","guid":{"rendered":"http:\/\/hexexist.com\/product\/wp-go-maps-eski-adiyla-wp-google-maps\/"},"modified":"2025-10-09T09:49:47","modified_gmt":"2025-10-09T09:49:47","slug":"wp-go-maps-eski-adiyla-wp-google-maps","status":"publish","type":"product","link":"https:\/\/hexexist.com\/tr\/urun\/wp-go-maps-eski-adiyla-wp-google-maps\/","title":{"rendered":"WP Go Maps (eski ad\u0131yla WP Google Maps)"},"content":{"rendered":"<p>Kullan\u0131m\u0131 en kolay Google Haritalar ve Open Layers Harita Eklentisi (Harita Blo\u011fu dahil)!<\/p>\n","protected":false},"excerpt":{"rendered":"<p>Kullan\u0131m\u0131 en kolay Google Haritalar ve Open Layers Harita Eklentisi (Harita Blo\u011fu dahil)!<\/p>\n","protected":false},"featured_media":13023,"comment_status":"open","ping_status":"closed","template":"","meta":[],"product_brand":[],"product_cat":[1413],"product_tag":[1773,2616,2618,2619,2620],"class_list":{"0":"post-14209","1":"product","2":"type-product","3":"status-publish","4":"has-post-thumbnail","6":"product_cat-eklentiler","7":"product_tag-block-tr","8":"product_tag-google-haritalar","9":"product_tag-harita","10":"product_tag-harita-isaretleri","11":"product_tag-haritalar","13":"first","14":"instock","15":"downloadable","16":"virtual","17":"product-type-simple"},"_links":{"self":[{"href":"https:\/\/hexexist.com\/tr\/wp-json\/wp\/v2\/product\/14209","targetHints":{"allow":["GET"]}}],"collection":[{"href":"https:\/\/hexexist.com\/tr\/wp-json\/wp\/v2\/product"}],"about":[{"href":"https:\/\/hexexist.com\/tr\/wp-json\/wp\/v2\/types\/product"}],"replies":[{"embeddable":true,"href":"https:\/\/hexexist.com\/tr\/wp-json\/wp\/v2\/comments?post=14209"}],"wp:featuredmedia":[{"embeddable":true,"href":"https:\/\/hexexist.com\/tr\/wp-json\/wp\/v2\/media\/13023"}],"wp:attachment":[{"href":"https:\/\/hexexist.com\/tr\/wp-json\/wp\/v2\/media?parent=14209"}],"wp:term":[{"taxonomy":"product_brand","embeddable":true,"href":"https:\/\/hexexist.com\/tr\/wp-json\/wp\/v2\/product_brand?post=14209"},{"taxonomy":"product_cat","embeddable":true,"href":"https:\/\/hexexist.com\/tr\/wp-json\/wp\/v2\/product_cat?post=14209"},{"taxonomy":"product_tag","embeddable":true,"href":"https:\/\/hexexist.com\/tr\/wp-json\/wp\/v2\/product_tag?post=14209"}],"curies":[{"name":"wp","href":"https:\/\/api.w.org\/{rel}","templated":true}]}}