{"id":14210,"date":"2025-10-09T09:49:46","date_gmt":"2025-10-09T09:49:46","guid":{"rendered":"http:\/\/hexexist.com\/product\/bulten-wordpressten-harika-e-postalar-gonderin\/"},"modified":"2025-10-09T09:49:46","modified_gmt":"2025-10-09T09:49:46","slug":"bulten-wordpressten-harika-e-postalar-gonderin","status":"publish","type":"product","link":"https:\/\/hexexist.com\/tr\/urun\/bulten-wordpressten-harika-e-postalar-gonderin\/","title":{"rendered":"B\u00fclten WordPress&#8217;ten harika e-postalar g\u00f6nderin"},"content":{"rendered":"<p>B\u00fclten eklentisi, WordPress blogunuz i\u00e7in ger\u00e7ek bir b\u00fclten ve e-posta pazarlama sistemidir: liste olu\u015fturmak i\u00e7in m\u00fckemmeldir, e-postalar\u0131 kolayca olu\u015fturabilir, g\u00f6nderebilir ve takip edebilirsiniz. Kutudan \u00e7\u0131kt\u0131\u011f\u0131 gibi \u00e7al\u0131\u015f\u0131r! <\/p>\n","protected":false},"excerpt":{"rendered":"<p>B\u00fclten eklentisi, WordPress blogunuz i\u00e7in ger\u00e7ek bir b\u00fclten ve e-posta pazarlama sistemidir: liste olu\u015fturmak i\u00e7in m\u00fckemmeldir, e-postalar\u0131 kolayca olu\u015fturabilir, g\u00f6nderebilir ve takip edebilirsiniz. Kutudan \u00e7\u0131kt\u0131\u011f\u0131 gibi \u00e7al\u0131\u015f\u0131r!<\/p>\n","protected":false},"featured_media":13013,"comment_status":"open","ping_status":"closed","template":"","meta":[],"product_brand":[],"product_cat":[1413],"product_tag":[2423,1432,1674,2622,2621],"class_list":{"0":"post-14210","1":"product","2":"type-product","3":"status-publish","4":"has-post-thumbnail","6":"product_cat-eklentiler","7":"product_tag-abonelik","8":"product_tag-bulten","9":"product_tag-e-posta-pazarlama","10":"product_tag-hos-geldiniz-e-postasi","11":"product_tag-kayit-formlari","13":"first","14":"instock","15":"downloadable","16":"virtual","17":"product-type-simple"},"_links":{"self":[{"href":"https:\/\/hexexist.com\/tr\/wp-json\/wp\/v2\/product\/14210","targetHints":{"allow":["GET"]}}],"collection":[{"href":"https:\/\/hexexist.com\/tr\/wp-json\/wp\/v2\/product"}],"about":[{"href":"https:\/\/hexexist.com\/tr\/wp-json\/wp\/v2\/types\/product"}],"replies":[{"embeddable":true,"href":"https:\/\/hexexist.com\/tr\/wp-json\/wp\/v2\/comments?post=14210"}],"wp:featuredmedia":[{"embeddable":true,"href":"https:\/\/hexexist.com\/tr\/wp-json\/wp\/v2\/media\/13013"}],"wp:attachment":[{"href":"https:\/\/hexexist.com\/tr\/wp-json\/wp\/v2\/media?parent=14210"}],"wp:term":[{"taxonomy":"product_brand","embeddable":true,"href":"https:\/\/hexexist.com\/tr\/wp-json\/wp\/v2\/product_brand?post=14210"},{"taxonomy":"product_cat","embeddable":true,"href":"https:\/\/hexexist.com\/tr\/wp-json\/wp\/v2\/product_cat?post=14210"},{"taxonomy":"product_tag","embeddable":true,"href":"https:\/\/hexexist.com\/tr\/wp-json\/wp\/v2\/product_tag?post=14210"}],"curies":[{"name":"wp","href":"https:\/\/api.w.org\/{rel}","templated":true}]}}