{"id":14211,"date":"2025-10-09T09:49:47","date_gmt":"2025-10-09T09:49:47","guid":{"rendered":"http:\/\/hexexist.com\/product\/elementor-icin-sinirsiz-eleman\/"},"modified":"2025-10-09T09:49:47","modified_gmt":"2025-10-09T09:49:47","slug":"elementor-icin-sinirsiz-eleman","status":"publish","type":"product","link":"https:\/\/hexexist.com\/tr\/urun\/elementor-icin-sinirsiz-eleman\/","title":{"rendered":"Elementor \u0130\u00e7in S\u0131n\u0131rs\u0131z Eleman"},"content":{"rendered":"<p>Elementor kullan\u0131c\u0131lar\u0131, Unlimited Elements for Elementor ile web tasar\u0131m deneyiminizi y\u00fckseltin. Daha iyi Elementor web sitelerini daha h\u0131zl\u0131 yapmak i\u00e7in size an\u0131nda en geli\u015fmi\u015f widget&#8217;lar\u0131 ve ara\u00e7lar\u0131 sa\u011flayan hepsi bir arada bir eklenti. WordPress web sitenizi bir \u00fcst seviyeye ta\u015f\u0131y\u0131n.  <\/p>\n","protected":false},"excerpt":{"rendered":"<p>Elementor kullan\u0131c\u0131lar\u0131, Unlimited Elements for Elementor ile web tasar\u0131m deneyiminizi y\u00fckseltin. Daha iyi Elementor web sitelerini daha h\u0131zl\u0131 yapmak i\u00e7in size an\u0131nda en geli\u015fmi\u015f widget&#8217;lar\u0131 ve ara\u00e7lar\u0131 sa\u011flayan hepsi bir arada bir eklenti. WordPress web sitenizi bir \u00fcst seviyeye ta\u015f\u0131y\u0131n.<\/p>\n","protected":false},"featured_media":13022,"comment_status":"open","ping_status":"closed","template":"","meta":[],"product_brand":[],"product_cat":[1413],"product_tag":[1532,1537,2157,1539,1538],"class_list":{"0":"post-14211","1":"product","2":"type-product","3":"status-publish","4":"has-post-thumbnail","6":"product_cat-eklentiler","7":"product_tag-elementor-tr","8":"product_tag-elementor-eklentileri","9":"product_tag-elementor-icin-widgetlar","10":"product_tag-elementor-sablonlari","11":"product_tag-elementor-widgetlari","13":"first","14":"instock","15":"downloadable","16":"virtual","17":"product-type-simple"},"_links":{"self":[{"href":"https:\/\/hexexist.com\/tr\/wp-json\/wp\/v2\/product\/14211","targetHints":{"allow":["GET"]}}],"collection":[{"href":"https:\/\/hexexist.com\/tr\/wp-json\/wp\/v2\/product"}],"about":[{"href":"https:\/\/hexexist.com\/tr\/wp-json\/wp\/v2\/types\/product"}],"replies":[{"embeddable":true,"href":"https:\/\/hexexist.com\/tr\/wp-json\/wp\/v2\/comments?post=14211"}],"wp:featuredmedia":[{"embeddable":true,"href":"https:\/\/hexexist.com\/tr\/wp-json\/wp\/v2\/media\/13022"}],"wp:attachment":[{"href":"https:\/\/hexexist.com\/tr\/wp-json\/wp\/v2\/media?parent=14211"}],"wp:term":[{"taxonomy":"product_brand","embeddable":true,"href":"https:\/\/hexexist.com\/tr\/wp-json\/wp\/v2\/product_brand?post=14211"},{"taxonomy":"product_cat","embeddable":true,"href":"https:\/\/hexexist.com\/tr\/wp-json\/wp\/v2\/product_cat?post=14211"},{"taxonomy":"product_tag","embeddable":true,"href":"https:\/\/hexexist.com\/tr\/wp-json\/wp\/v2\/product_tag?post=14211"}],"curies":[{"name":"wp","href":"https:\/\/api.w.org\/{rel}","templated":true}]}}