{"id":14212,"date":"2025-10-09T09:49:46","date_gmt":"2025-10-09T09:49:46","guid":{"rendered":"http:\/\/hexexist.com\/product\/uyelik-ve-kullanici-rolu-duzenleyici-eklentisi\/"},"modified":"2025-10-09T09:49:46","modified_gmt":"2025-10-09T09:49:46","slug":"uyelik-ve-kullanici-rolu-duzenleyici-eklentisi","status":"publish","type":"product","link":"https:\/\/hexexist.com\/tr\/urun\/uyelik-ve-kullanici-rolu-duzenleyici-eklentisi\/","title":{"rendered":"\u00dcyelik ve Kullan\u0131c\u0131 Rol\u00fc D\u00fczenleyici Eklentisi"},"content":{"rendered":"<p>Members, rol ve yetenek tabanl\u0131 bir WordPress \u00fcyelik eklentisidir. Kullan\u0131c\u0131lar\u0131n\u0131za roller ve yetenekler eklemek ve bunlar\u0131 kullan\u0131c\u0131lar\u0131n\u0131za atamak i\u00e7in g\u00fc\u00e7l\u00fc ara\u00e7lar sunarak kullan\u0131c\u0131lar\u0131n\u0131za en \u00fcst d\u00fczey \u00fcye deneyimi sunar. <\/p>\n","protected":false},"excerpt":{"rendered":"<p>Members, rol ve yetenek tabanl\u0131 bir WordPress \u00fcyelik eklentisidir. Kullan\u0131c\u0131lar\u0131n\u0131za roller ve yetenekler eklemek ve bunlar\u0131 kullan\u0131c\u0131lar\u0131n\u0131za atamak i\u00e7in g\u00fc\u00e7l\u00fc ara\u00e7lar sunarak kullan\u0131c\u0131lar\u0131n\u0131za en \u00fcst d\u00fczey \u00fcye deneyimi sunar.<\/p>\n","protected":false},"featured_media":13012,"comment_status":"open","ping_status":"closed","template":"","meta":[],"product_brand":[],"product_cat":[1413],"product_tag":[2623,1912,2624,2117,1910],"class_list":{"0":"post-14212","1":"product","2":"type-product","3":"status-publish","4":"has-post-thumbnail","6":"product_cat-eklentiler","7":"product_tag-erisim","8":"product_tag-izinler","9":"product_tag-roller","10":"product_tag-uyelikler","11":"product_tag-yetenekleri","13":"first","14":"instock","15":"downloadable","16":"virtual","17":"product-type-simple"},"_links":{"self":[{"href":"https:\/\/hexexist.com\/tr\/wp-json\/wp\/v2\/product\/14212","targetHints":{"allow":["GET"]}}],"collection":[{"href":"https:\/\/hexexist.com\/tr\/wp-json\/wp\/v2\/product"}],"about":[{"href":"https:\/\/hexexist.com\/tr\/wp-json\/wp\/v2\/types\/product"}],"replies":[{"embeddable":true,"href":"https:\/\/hexexist.com\/tr\/wp-json\/wp\/v2\/comments?post=14212"}],"wp:featuredmedia":[{"embeddable":true,"href":"https:\/\/hexexist.com\/tr\/wp-json\/wp\/v2\/media\/13012"}],"wp:attachment":[{"href":"https:\/\/hexexist.com\/tr\/wp-json\/wp\/v2\/media?parent=14212"}],"wp:term":[{"taxonomy":"product_brand","embeddable":true,"href":"https:\/\/hexexist.com\/tr\/wp-json\/wp\/v2\/product_brand?post=14212"},{"taxonomy":"product_cat","embeddable":true,"href":"https:\/\/hexexist.com\/tr\/wp-json\/wp\/v2\/product_cat?post=14212"},{"taxonomy":"product_tag","embeddable":true,"href":"https:\/\/hexexist.com\/tr\/wp-json\/wp\/v2\/product_tag?post=14212"}],"curies":[{"name":"wp","href":"https:\/\/api.w.org\/{rel}","templated":true}]}}