{"id":14213,"date":"2025-10-09T09:49:47","date_gmt":"2025-10-09T09:49:47","guid":{"rendered":"http:\/\/hexexist.com\/product\/sureforms-surukle-ve-birak-iletisim-formu-olusturucu-cok-adimli-formlar-konusma-formlari-ve-daha-fazlasi\/"},"modified":"2025-10-09T09:49:47","modified_gmt":"2025-10-09T09:49:47","slug":"sureforms-surukle-ve-birak-iletisim-formu-olusturucu-cok-adimli-formlar-konusma-formlari-ve-daha-fazlasi","status":"publish","type":"product","link":"https:\/\/hexexist.com\/tr\/urun\/sureforms-surukle-ve-birak-iletisim-formu-olusturucu-cok-adimli-formlar-konusma-formlari-ve-daha-fazlasi\/","title":{"rendered":"SureForms S\u00fcr\u00fckle ve B\u0131rak \u0130leti\u015fim Formu Olu\u015fturucu \u00c7ok Ad\u0131ml\u0131 Formlar, Konu\u015fma Formlar\u0131 ve daha fazlas\u0131"},"content":{"rendered":"<p>KODLAMA YAPMADAN WORDPRESS BLOK D\u00dcZENLEYICISINI (GUTENBERG D\u00dcZENLEYICI) KULLANARAK G\u00dcZEL DUYARLI FORMLAR OLU\u015eTURUN ?<br \/>\nSureForms&#8217;taki misyonumuz, herhangi bir kod kullanmadan g\u00fczel formlar olu\u015fturman\u0131z\u0131 sa\u011flamakt\u0131r.<\/p>\n<p>\u00d6\u011frenilecek yeni bir aray\u00fcz olmadan form olu\u015fturmay\u0131 sorunsuz ve sezgisel hale getirmek i\u00e7in WordPress&#8217;in yerel s\u00fcr\u00fckle ve b\u0131rak olu\u015fturucusu olan Gutenberg ile yeni bir yakla\u015f\u0131m benimsiyoruz.<\/p>\n<p>SureForms, \u00e7ok ad\u0131ml\u0131 formlar, konu\u015fma formlar\u0131, ko\u015fullu mant\u0131k gibi geli\u015fmi\u015f \u00f6zelliklerle ileti\u015fim formlar\u0131 ve di\u011fer y\u00fcksek d\u00f6n\u00fc\u015f\u00fcml\u00fc \u00f6zel formlar olu\u015fturmay\u0131 h\u0131zl\u0131 ve basit hale getiren yeni ba\u015flayan dostu bir form eklentisidir.<\/p>\n<p>\u0130yi tasar\u0131m ve kullan\u0131c\u0131 deneyimi formlar i\u00e7in \u00e7ok \u00f6nemlidir. Ancak bir\u00e7ok web sitesi sahibi, formlar\u0131n\u0131 sitelerinin g\u00f6r\u00fcn\u00fcm\u00fc ve hissiyat\u0131yla sorunsuz bir \u015fekilde harmanlamakta zorlan\u0131yor ve bu da genellikle daha d\u00fc\u015f\u00fck yan\u0131t oranlar\u0131na yol a\u00e7\u0131yor.<\/p>\n","protected":false},"excerpt":{"rendered":"<p>KODLAMA YAPMADAN WORDPRESS BLOK D\u00dcZENLEYICISINI (GUTENBERG D\u00dcZENLEYICI) KULLANARAK G\u00dcZEL DUYARLI FORMLAR OLU\u015eTURUN ? SureForms&#8217;taki misyonumuz, herhangi bir kod kullanmadan g\u00fczel formlar olu\u015fturman\u0131z\u0131 sa\u011flamakt\u0131r. \u00d6\u011frenilecek yeni bir aray\u00fcz olmadan form olu\u015fturmay\u0131 sorunsuz ve sezgisel hale getirmek i\u00e7in WordPress&#8217;in yerel s\u00fcr\u00fckle ve b\u0131rak olu\u015fturucusu olan Gutenberg ile yeni bir yakla\u015f\u0131m benimsiyoruz. SureForms, \u00e7ok ad\u0131ml\u0131 formlar, konu\u015fma formlar\u0131, [&hellip;]<\/p>\n","protected":false},"featured_media":13021,"comment_status":"open","ping_status":"closed","template":"","meta":[],"product_brand":[],"product_cat":[1413],"product_tag":[1527,1528,1524,1843,2625],"class_list":{"0":"post-14213","1":"product","2":"type-product","3":"status-publish","4":"has-post-thumbnail","6":"product_cat-eklentiler","7":"product_tag-form-olusturucu","8":"product_tag-formlar","9":"product_tag-iletisim-formu","10":"product_tag-ozel-form","11":"product_tag-wp-formlari","13":"first","14":"instock","15":"downloadable","16":"virtual","17":"product-type-simple"},"_links":{"self":[{"href":"https:\/\/hexexist.com\/tr\/wp-json\/wp\/v2\/product\/14213","targetHints":{"allow":["GET"]}}],"collection":[{"href":"https:\/\/hexexist.com\/tr\/wp-json\/wp\/v2\/product"}],"about":[{"href":"https:\/\/hexexist.com\/tr\/wp-json\/wp\/v2\/types\/product"}],"replies":[{"embeddable":true,"href":"https:\/\/hexexist.com\/tr\/wp-json\/wp\/v2\/comments?post=14213"}],"wp:featuredmedia":[{"embeddable":true,"href":"https:\/\/hexexist.com\/tr\/wp-json\/wp\/v2\/media\/13021"}],"wp:attachment":[{"href":"https:\/\/hexexist.com\/tr\/wp-json\/wp\/v2\/media?parent=14213"}],"wp:term":[{"taxonomy":"product_brand","embeddable":true,"href":"https:\/\/hexexist.com\/tr\/wp-json\/wp\/v2\/product_brand?post=14213"},{"taxonomy":"product_cat","embeddable":true,"href":"https:\/\/hexexist.com\/tr\/wp-json\/wp\/v2\/product_cat?post=14213"},{"taxonomy":"product_tag","embeddable":true,"href":"https:\/\/hexexist.com\/tr\/wp-json\/wp\/v2\/product_tag?post=14213"}],"curies":[{"name":"wp","href":"https:\/\/api.w.org\/{rel}","templated":true}]}}