{"id":14214,"date":"2025-10-09T09:49:47","date_gmt":"2025-10-09T09:49:47","guid":{"rendered":"http:\/\/hexexist.com\/product\/elementor-icin-yapiskan-baslik-efektleri\/"},"modified":"2025-10-09T09:49:47","modified_gmt":"2025-10-09T09:49:47","slug":"elementor-icin-yapiskan-baslik-efektleri","status":"publish","type":"product","link":"https:\/\/hexexist.com\/tr\/urun\/elementor-icin-yapiskan-baslik-efektleri\/","title":{"rendered":"Elementor i\u00e7in Yap\u0131\u015fkan Ba\u015fl\u0131k Efektleri"},"content":{"rendered":"<p>Elementor Free veya Pro&#8217;da kayd\u0131rma efektleri, bulan\u0131kla\u015ft\u0131rma, k\u00fc\u00e7\u00fcltme, kayd\u0131rmada gizleme ve tam duyarl\u0131 kontrollerle geli\u015fmi\u015f Yap\u0131\u015fkan Ba\u015fl\u0131klar olu\u015fturun.<\/p>\n","protected":false},"excerpt":{"rendered":"<p>Elementor Free veya Pro&#8217;da kayd\u0131rma efektleri, bulan\u0131kla\u015ft\u0131rma, k\u00fc\u00e7\u00fcltme, kayd\u0131rmada gizleme ve tam duyarl\u0131 kontrollerle geli\u015fmi\u015f Yap\u0131\u015fkan Ba\u015fl\u0131klar olu\u015fturun.<\/p>\n","protected":false},"featured_media":13020,"comment_status":"open","ping_status":"closed","template":"","meta":[],"product_brand":[],"product_cat":[1413],"product_tag":[2380,2626,1532,2627,1793],"class_list":{"0":"post-14214","1":"product","2":"type-product","3":"status-publish","4":"has-post-thumbnail","6":"product_cat-eklentiler","7":"product_tag-baslik-tr","8":"product_tag-eklentiler-tr-2","9":"product_tag-elementor-tr","10":"product_tag-elementor-sayfa-olusturucu","11":"product_tag-yapiskan-baslik","13":"first","14":"instock","15":"downloadable","16":"virtual","17":"product-type-simple"},"_links":{"self":[{"href":"https:\/\/hexexist.com\/tr\/wp-json\/wp\/v2\/product\/14214","targetHints":{"allow":["GET"]}}],"collection":[{"href":"https:\/\/hexexist.com\/tr\/wp-json\/wp\/v2\/product"}],"about":[{"href":"https:\/\/hexexist.com\/tr\/wp-json\/wp\/v2\/types\/product"}],"replies":[{"embeddable":true,"href":"https:\/\/hexexist.com\/tr\/wp-json\/wp\/v2\/comments?post=14214"}],"wp:featuredmedia":[{"embeddable":true,"href":"https:\/\/hexexist.com\/tr\/wp-json\/wp\/v2\/media\/13020"}],"wp:attachment":[{"href":"https:\/\/hexexist.com\/tr\/wp-json\/wp\/v2\/media?parent=14214"}],"wp:term":[{"taxonomy":"product_brand","embeddable":true,"href":"https:\/\/hexexist.com\/tr\/wp-json\/wp\/v2\/product_brand?post=14214"},{"taxonomy":"product_cat","embeddable":true,"href":"https:\/\/hexexist.com\/tr\/wp-json\/wp\/v2\/product_cat?post=14214"},{"taxonomy":"product_tag","embeddable":true,"href":"https:\/\/hexexist.com\/tr\/wp-json\/wp\/v2\/product_tag?post=14214"}],"curies":[{"name":"wp","href":"https:\/\/api.w.org\/{rel}","templated":true}]}}