{"id":14215,"date":"2025-10-09T09:49:47","date_gmt":"2025-10-09T09:49:47","guid":{"rendered":"http:\/\/hexexist.com\/product\/basit-gecmis-wordpress-degisikliklerini-takip-etme-gunluge-kaydetme-ve-denetleme\/"},"modified":"2025-10-09T09:49:47","modified_gmt":"2025-10-09T09:49:47","slug":"basit-gecmis-wordpress-degisikliklerini-takip-etme-gunluge-kaydetme-ve-denetleme","status":"publish","type":"product","link":"https:\/\/hexexist.com\/tr\/urun\/basit-gecmis-wordpress-degisikliklerini-takip-etme-gunluge-kaydetme-ve-denetleme\/","title":{"rendered":"Basit Ge\u00e7mi\u015f WordPress De\u011fi\u015fikliklerini Takip Etme, G\u00fcnl\u00fc\u011fe Kaydetme ve Denetleme"},"content":{"rendered":"<p>  \u015eimdiye kadarki en iyi ve en kapsaml\u0131 g\u00fcnl\u00fck eklentisi ? @herrschuessler <\/p>\n","protected":false},"excerpt":{"rendered":"<p>\u015eimdiye kadarki en iyi ve en kapsaml\u0131 g\u00fcnl\u00fck eklentisi ? @herrschuessler<\/p>\n","protected":false},"featured_media":13019,"comment_status":"open","ping_status":"closed","template":"","meta":[],"product_brand":[],"product_cat":[1413],"product_tag":[2628,2316,2325,2323,2324],"class_list":{"0":"post-14215","1":"product","2":"type-product","3":"status-publish","4":"has-post-thumbnail","6":"product_cat-eklentiler","7":"product_tag-aktivite","8":"product_tag-denetim-gunlugu","9":"product_tag-kullanici-takibi","10":"product_tag-olay-gunlugu","11":"product_tag-tarih-tr","13":"first","14":"instock","15":"downloadable","16":"virtual","17":"product-type-simple"},"_links":{"self":[{"href":"https:\/\/hexexist.com\/tr\/wp-json\/wp\/v2\/product\/14215","targetHints":{"allow":["GET"]}}],"collection":[{"href":"https:\/\/hexexist.com\/tr\/wp-json\/wp\/v2\/product"}],"about":[{"href":"https:\/\/hexexist.com\/tr\/wp-json\/wp\/v2\/types\/product"}],"replies":[{"embeddable":true,"href":"https:\/\/hexexist.com\/tr\/wp-json\/wp\/v2\/comments?post=14215"}],"wp:featuredmedia":[{"embeddable":true,"href":"https:\/\/hexexist.com\/tr\/wp-json\/wp\/v2\/media\/13019"}],"wp:attachment":[{"href":"https:\/\/hexexist.com\/tr\/wp-json\/wp\/v2\/media?parent=14215"}],"wp:term":[{"taxonomy":"product_brand","embeddable":true,"href":"https:\/\/hexexist.com\/tr\/wp-json\/wp\/v2\/product_brand?post=14215"},{"taxonomy":"product_cat","embeddable":true,"href":"https:\/\/hexexist.com\/tr\/wp-json\/wp\/v2\/product_cat?post=14215"},{"taxonomy":"product_tag","embeddable":true,"href":"https:\/\/hexexist.com\/tr\/wp-json\/wp\/v2\/product_tag?post=14215"}],"curies":[{"name":"wp","href":"https:\/\/api.w.org\/{rel}","templated":true}]}}